{"id":1594,"date":"2024-08-12T18:28:09","date_gmt":"2024-08-12T16:28:09","guid":{"rendered":"https:\/\/moodul.es\/?page_id=1594"},"modified":"2024-08-12T18:33:23","modified_gmt":"2024-08-12T16:33:23","slug":"aviso-legal","status":"publish","type":"page","link":"https:\/\/moodul.es\/ca\/avis-legal\/","title":{"rendered":"AV\u00cdS LEGAL"},"content":{"rendered":"<div data-elementor-type=\"wp-page\" data-elementor-id=\"1594\" class=\"elementor elementor-1594\" data-elementor-post-type=\"page\">\n\t\t\t\t<div class=\"elementor-element elementor-element-f6d2091 e-flex e-con-boxed wcf-starter-animations-none e-con e-parent\" data-id=\"f6d2091\" data-element_type=\"container\" data-e-type=\"container\">\n\t\t\t\t\t<div class=\"e-con-inner\">\n\t\t\t\t<div class=\"elementor-element elementor-element-6fc8a42 wcf-starter-animations-none elementor-widget elementor-widget-heading\" data-id=\"6fc8a42\" data-element_type=\"widget\" data-e-type=\"widget\" data-settings=\"{&quot;wcf_starter_animations&quot;:&quot;none&quot;,&quot;wcf_anim_duration&quot;:1000,&quot;wcf_anim_delay&quot;:0,&quot;wcf_anim_ease&quot;:&quot;ease&quot;}\" data-widget_type=\"heading.default\">\n\t\t\t\t<div class=\"elementor-widget-container\">\n\t\t\t\t\t<h1 class=\"elementor-heading-title elementor-size-default\">Av\u00eds Legal<\/h1>\t\t\t\t<\/div>\n\t\t\t\t<\/div>\n\t\t\t\t\t<\/div>\n\t\t\t\t<\/div>\n\t\t<div class=\"elementor-element elementor-element-a0635df e-flex e-con-boxed wcf-starter-animations-none e-con e-parent\" data-id=\"a0635df\" data-element_type=\"container\" data-e-type=\"container\">\n\t\t\t\t\t<div class=\"e-con-inner\">\n\t\t\t\t<div class=\"elementor-element elementor-element-28666af wcf-starter-animations-none elementor-widget elementor-widget-text-editor\" data-id=\"28666af\" data-element_type=\"widget\" data-e-type=\"widget\" data-settings=\"{&quot;wcf_starter_animations&quot;:&quot;none&quot;,&quot;wcf_anim_duration&quot;:1000,&quot;wcf_anim_delay&quot;:0,&quot;wcf_anim_ease&quot;:&quot;ease&quot;}\" data-widget_type=\"text-editor.default\">\n\t\t\t\t<div class=\"elementor-widget-container\">\n\t\t\t\t\t\t\t\t\t<p>D&#039;acord amb la Llei 34\/2002 d&#039;11 de juliol, de Serveis de la Societat de la Informaci\u00f3 i de Comer\u00e7 Electr\u00f2nic, us informem dels seg\u00fcents detalls legals:<\/p><p><b>Identificaci\u00f3 del lloc web:<br \/><\/b><a title=\"\" href=\"https:\/\/moodul.es\/ca\/\">www.moodul.es<\/a><\/p><p><b>Gestor del lloc web:<br \/><\/b>Moodul Viviendas Industrializadas, S.L.<\/p><p><b>Adre\u00e7a:<br \/><\/b>Pol. Ind. Riu Clar, C\/ Coure, 39 43006 -Tarragona<\/p><p><b>Correu electr\u00f2nic de contacte:<br \/><\/b><a title=\"\" href=\"mailto:rgpd@moodul.es\">rgpd@moodul.es<\/a><\/p><p><b>Tel\u00e8fon:<br \/><\/b>+34 977 424 274<\/p><p><b>NIF\/VAT:<br \/><\/b>ESB16497182<\/p><p><b>Dades de registre de l&#039;empresa:<br \/><\/b>Registre Mercantil de Tarragona. Foli: Elec, Secci\u00f3 8, Full T 62165, Insc. 1, Data 31-5-2024<\/p><p>\u00a0<\/p><p><b>POL\u00cdTICA DE PRIVACITAT<\/b><\/p><p><b>ACCEPTACI\u00d3 DE L&#039;USUARI<\/b><\/p><p>Aquest document (\u201cPOL\u00cdTICA DE PRIVACITAT\u201d) regula l&#039;\u00fas del lloc web que Moodul Viviendas Industrializadas, SL posa a disposici\u00f3 del p\u00fablic.<\/p><p>Els drets de propietat intel\u00b7lectual d&#039;aquest lloc web, el codi font, les bases de dades i altres elements s\u00f3n propietat de Moodul Vivendas Industrializadas, SL, qui \u00e9s la titular exclusiva dels drets d&#039;\u00fas d&#039;aquest lloc web, en particular els drets de reproducci\u00f3, distribuci\u00f3, comunicaci\u00f3 p\u00fablica, manteniment i adaptaci\u00f3.<\/p><p>En utilitzar aquest lloc web, vost\u00e8, l&#039;usuari, accepta plenament totes les condicions establertes en aquesta Pol\u00edtica de Privadesa.<\/p><p><b>\u00daS ADEQUAT DEL LLOC WEB<\/b><\/p><p>Heu d&#039;usar aquest lloc web, el vostre contingut i serveis d&#039;acord amb la llei, aquesta Pol\u00edtica de Privadesa, les bones pr\u00e0ctiques i l&#039;ordre p\u00fablic.<\/p><p>Tamb\u00e9 es compromet a no destruir, alterar, inutilitzar o de qualsevol altra manera danyar les dades, programes o documents electr\u00f2nics i altres que es trobin al lloc web.<\/p><p>No obstaculitzar\u00e0 lacc\u00e9s daltres usuaris al servei mitjan\u00e7ant el consum massiu dels recursos inform\u00e0tics a trav\u00e9s dels quals Moodul Viviendas Industrializadas, SL presta el servei. No realitzar\u00e0 accions que danyin, interrompin o generin errors en els sistemes esmentats.<\/p><p>No introduir\u00e0 programes, virus, macro instruccions, mini aplicacions, controls de qualsevol tipus o qualsevol altre dispositiu l\u00f2gic o seq\u00fc\u00e8ncia de car\u00e0cters que causin o puguin causar qualsevol tipus d&#039;alteraci\u00f3 als sistemes inform\u00e0tics de Moodul Viviendas Industrializadas, SL o de tercers o violin qualsevol dret de propietat intel\u00b7lectual o industrial.<\/p><p>No far\u00e0 \u00fas indegut de la informaci\u00f3, missatges, gr\u00e0fics, dibuixos, arxius audiovisuals, fotografies, programes i, en general, qualsevol tipus de material accessible a trav\u00e9s del lloc web o dels serveis oferts al mateix.<\/p><p>Moodul Vivendas Industrializadas, SL declina per tant qualsevol responsabilitat que es derivi dels danys i perjudicis que pugui patir la tecnologia (equips inform\u00e0tics o telem\u00e0tics) dels visitants d&#039;aquesta p\u00e0gina com a conseq\u00fc\u00e8ncia de l&#039;ocurr\u00e8ncia de qualsevol de les circumst\u00e0ncies o fets esmentats al par\u00e0graf anterior. Aix\u00ed mateix, Moodul Vivendas Industrializadas, SL no garanteix que el lloc web i el servidor estiguin lliures de virus i no es fa responsable dels danys causats per l&#039;acc\u00e9s al lloc web o per la impossibilitat d&#039;accedir-hi.<\/p><p>Moodul Habitatges Industrialitzats, SL no \u00e9s responsable de la informaci\u00f3 que es pot obtenir a trav\u00e9s dels enlla\u00e7os a sistemes externs des del seu lloc web.<\/p><p><b>PROPIETAT INTEL\u00b7LECTUAL I INDUSTRIAL<\/b><\/p><p>Aquest lloc web i tots els seus continguts, inclosos els textos, documents, fotografies, dibuixos, representacions gr\u00e0fiques, bases de dades, programes inform\u00e0tics, logotips, marques, noms comercials i altres signes distintius s\u00f3n propietat de Moodul Viviendas Industrializadas, SL o de tercers que han autoritzat el seu \u00fas a Moodul Vivendas Industrializadas, SL<\/p><p>Tots els drets estan reservats.<\/p><p><b>RESPONSABILITAT<\/b><\/p><p><b>Responsabilitat de Moodul Habitatges Industrialitzats, SL per l&#039;\u00fas del lloc web<\/b><\/p><p>Vost\u00e8, lusuari, \u00e9s l\u00fanic responsable de les infraccions que pugui cometre o dels perjudicis que pugui causar o que puguin derivar de l\u00fas del lloc web. Moodul Vivendas Industrializadas, SL queda exonerada de qualsevol responsabilitat que pogu\u00e9s derivar-se de les seves accions.<\/p><p>Vost\u00e8 \u00e9s l&#039;\u00fanic responsable davant de qualsevol reclamaci\u00f3 o acci\u00f3 legal, judicial o extrajudicial, iniciada per tercers contra Moodul Viviendas Industrializadas, SL basada en el seu \u00fas del lloc web. Vost\u00e8 assumeix totes les despeses, costos i compensacions que siguin sol\u00b7licitades a Moodul Viviendas Industrializadas, SL amb motiu de reclamacions o accions legals que li siguin atribu\u00efbles.<\/p><p><b>Responsabilitat de Moodul Habitatges Industrialitzats, SL pel funcionament del lloc web<\/b><\/p><p>Moodul Vivendas Industrializadas, SL no assumeix cap responsabilitat que pugui derivar de transmissions, omissions, interrupcions, interfer\u00e8ncies indesitjades, defectes de telecomunicacions, virus inform\u00e0tics, avaries telef\u00f2niques o desconnexions en el funcionament del sistema electr\u00f2nic per causes alienes a Moodul Vivendas Industrializadas, SL<\/p><p><b>Responsabilitat de Moodul Habitatges Industrialitzats, SL per enlla\u00e7os del lloc web<\/b><\/p><p>Moodul Habitatges Industrialitzats, SL no assumeix cap responsabilitat pel que fa a la informaci\u00f3 (contingut) o riscos (p\u00e8rdues t\u00e8cniques, econ\u00f2miques, morals) aliens al lloc web que es puguin accedir a trav\u00e9s d&#039;un enlla\u00e7 des del lloc web, ja que la funci\u00f3 dels enlla\u00e7os \u00e9s \u00fanicament proporcionar informaci\u00f3 sobre un tema espec\u00edfic.<\/p><p><b>COMPROM\u00cdS AMB LA PROTECCI\u00d3 DE DADES I COMPLIMENT AMB LA LLEI DE SERVEIS DE LA SOCIETAT DE LA INFORMACI\u00d3 I DE COMER\u00c7 ELECTR\u00d2NIC<\/b><\/p><p>En compliment amb el RGPD (Reglament General de Protecci\u00f3 de Dades 2016\/679 UE) sobre la protecci\u00f3 de dades personals, Moodul Viviendas Industrializadas, SL us informa que les dades personals que proporcioneu en omplir els formularis o detalls d&#039;acords s&#039;emmagatzemen en arxius controlats per Moodul Vivendas Industrializadas, SL Aquests arxius s\u00f3n ells. No preveiem transferir o divulgar aquestes dades a tercers. En emplenar el formulari en aquest lloc web, declara que la informaci\u00f3 i les dades personals que proporciona s\u00f3n seves, veritables i exactes.<\/p><ol type=\"1\"><li>Qui \u00e9s el responsable del tractament de les vostres dades personals?<\/li><\/ol><p>El responsable del tractament \u00e9s: Moodul Habitatges Industrialitzats, SL Pol. Ind. Riu Clar, C\/ Coure, 39 43006 -Tarragona<\/p><p>Correu electr\u00f2nic: <a title=\"\" href=\"mailto:rgpd@moodul.es\">rgpd@moodul.es<\/a><\/p><ol type=\"1\"><li>Quins s\u00f3n els fins per continuar processant les vostres dades personals?<\/li><\/ol><p>Tractem les dades personals dels nostres contactes, clients i prove\u00efdors per gestionar (i) la relaci\u00f3 comercial amb ells i, en particular, els aspectes contractuals; (ii) l&#039;enviament d&#039;informaci\u00f3 sobre la nostra empresa i el sector i l&#039;organitzaci\u00f3 d&#039;activitats, campanyes o esdeveniments;<\/p><ol type=\"1\"><li>Per quant de temps conservem les vostres dades personals?<\/li><\/ol><p>Les dades personals s&#039;emmagatzemen durant sis anys d&#039;acord amb les normatives comptables vigents i, si escau, durant 10 anys d&#039;acord amb les normatives de prevenci\u00f3 de blanqueig de capitals.<\/p><p>En tots els casos, Moodul Viviendas Industrializadas, SL mant\u00e9 les seves dades personals mentre siguin necess\u00e0ries per a la realitzaci\u00f3 de la nostra relaci\u00f3 contractual, a no ser que vost\u00e8 sol\u00b7liciti la seva eliminaci\u00f3. Tamb\u00e9 mantenim les vostres dades durant el temps necessari per complir les nostres obligacions legals d&#039;acord amb el tipus de dades en q\u00fcesti\u00f3.<\/p><ol type=\"1\"><li>\u00bf Quina \u00e9s la base legal per processar les vostres dades personals?<\/li><\/ol><p>La base legal per processar les vostres dades personals \u00e9s l&#039;inter\u00e8s mutu i el vostre consentiment.<\/p><ol type=\"1\"><li>A quins destinataris divulguem les vostres dades personals?<\/li><\/ol><p>Podem divulgar les seves dades nom\u00e9s a empreses del nostre grup o tercers associats amb Moodul Viviendas Industrializadas, SL per a la gesti\u00f3 dels nostres productes o serveis per als fins abans esmentats. Tamb\u00e9 podem divulgar les dades a les autoritats p\u00fabliques quan la llei ho requereixi.<\/p><p>El personal de Moodul Habitatges Industrialitzats, SL que t\u00e9 acc\u00e9s autoritzat d&#039;acord amb l&#039;estructura interna de seguretat de Moodul Vivendes Industrialitzats, SL pot accedir a les seves dades personals per als objectius i fins descrits en aquesta Pol\u00edtica de Privadesa. Tots els empleats de Moodul Habitatges Industrialitzats, SL han estat capacitats i informats sobre els seus deures sobre aix\u00f2 i han signat els corresponents acords de confidencialitat. Aix\u00ed mateix, tercers la intervenci\u00f3 dels quals sigui necess\u00e0ria per a la gesti\u00f3 adequada de la prestaci\u00f3 de serveis tamb\u00e9 poden accedir a les seves dades.<\/p><p>Moodul Vivendas Industrializadas, SL ha celebrat acords i establert mesures de seguretat amb tercers per garantir el nivell adequat de seguretat i protecci\u00f3 de les dades personals a tota la cadena relacionada.<\/p><ol type=\"1\"><li>Quins s\u00f3n els vostres drets sobre les vostres dades personals?<\/li><\/ol><p>Podeu sol\u00b7licitar acc\u00e9s, rectificaci\u00f3, eliminaci\u00f3, restricci\u00f3 del processament i portabilitat de dades, i tamb\u00e9 oposar-vos al processament de les vostres dades personals en qualsevol moment.<\/p><p>Podeu retirar el consentiment que va donar a les comunicacions comercials i exercir els drets esmentats enviant un correu electr\u00f2nic a <a title=\"\" href=\"mailto:rgpd@moodul.es\">rgpd@moodul.es<\/a> acompanyat de documentaci\u00f3 que n&#039;acrediti la identitat. No necessita enviar aquesta sol\u00b7licitud si ja ens ho ha notificat mitjan\u00e7ant l&#039;opci\u00f3 de donar-se de baixa que apareix al peu dels nostres missatges electr\u00f2nics, i en aquest cas ja tenim aquesta informaci\u00f3.<\/p><p>Si no rebeu una resposta satisfact\u00f2ria i voleu presentar una reclamaci\u00f3 o obtenir m\u00e9s informaci\u00f3 sobre qualsevol d&#039;aquests drets, podeu posar-vos en contacte amb l&#039;Ag\u00e8ncia Espanyola de Protecci\u00f3 de Dades (<a title=\"\" href=\"http:\/\/www.agpd.es\" target=\"_blank\" rel=\"noopener\">www.agpd.es<\/a>).<\/p><ol type=\"1\"><li>Quines dades personals emmagatzemem?<\/li><\/ol><p>Emmagatzemem dades b\u00e0siques per identificar-vos, mantenir la nostra relaci\u00f3 i crear factures, com el vostre nom, adre\u00e7a postal, NIF\/CIF (n\u00famero d&#039;identificaci\u00f3 fiscal), n\u00famero de compte bancari, si opta per la domiciliaci\u00f3 banc\u00e0ria com a client.<\/p><ol type=\"1\"><li>Quina \u00e9s la pol\u00edtica d&#039;emmagatzematge de dades, disponibilitat, c\u00f2pies de seguretat i ubicaci\u00f3?<\/li><\/ol><p>La informaci\u00f3 no s&#039;elimina a menys que ho sol\u00b7liciteu en els casos en qu\u00e8 les dades puguin ser eliminades (vegeu la pregunta 3). Sempre est\u00e0 disponible, encara que pot estar bloquejada per a l&#039;enviament d&#039;informaci\u00f3 de m\u00e0rqueting\/vendes si heu exercit algun dels drets d&#039;eliminaci\u00f3, restricci\u00f3 o oposici\u00f3 al processament.<\/p><p>Es fan c\u00f2pies de seguretat dels servidors que contenen les dades. Aquestes c\u00f2pies de seguretat estan adequadament assegurades i protegides.<\/p><ol type=\"1\"><li>Quina \u00e9s la pol\u00edtica de privadesa i seguretat sobre la informaci\u00f3 i l&#039;acc\u00e9s a la mateixa?<\/li><\/ol><p>L&#039;acc\u00e9s a la base de dades est\u00e0 protegit pel nom d&#039;usuari i la contrasenya.<\/p><p>L&#039;acc\u00e9s remot es fa mitjan\u00e7ant el protocol VPN.<\/p><ol type=\"1\"><li>Quina \u00e9s la pol\u00edtica de resposta a incidents de seguretat i lan\u00e0lisi dimpacte?<\/li><\/ol><p>Moodul Habitatges Industrialitzats, SL ha adoptat les mesures de protecci\u00f3 t\u00e8cniques i organitzatives adequades. Aquestes mesures han estat aplicades a les dades personals afectades per una possible violaci\u00f3 de dades personals. Les persones no autoritzades per accedir a les dades de clients o usuaris no hi tenen acc\u00e9s.<\/p><p>Moodul Vivendas Industrializadas, SL ha realitzat i mant\u00e9 actualitzada una an\u00e0lisi de riscos de la vulnerabilitat de les dades personals i el seu impacte en la seguretat de la privadesa dels clients i usuaris.<\/p><ol type=\"1\"><li>Quina \u00e9s la pol\u00edtica per eliminar dades de persones que es donin de baixa del servei?<\/li><\/ol><p>Moodul Habitatges Industrialitzats, SL desactiva els comptes de clients i usuaris que es donin de baixa i exerceixin el seu dret d&#039;eliminaci\u00f3. En aquest cas, les dades del client o usuari s\u00f3n bloquejades i mantingudes durant el temps requerit per la llei exclusivament per complir les obligacions legals que demostrin l&#039;exist\u00e8ncia de la relaci\u00f3 anterior entre les parts.<\/p><ol type=\"1\"><li>Qui \u00e9s el nostre Responsable de Seguretat de Dades?<\/li><\/ol><p>Moodul Habitatges Industrialitzats, SL no est\u00e0 obligat a nomenar un Delegat de Protecci\u00f3 de Dades (DPD) d&#039;acord amb la legislaci\u00f3 vigent.<\/p><p>No obstant aix\u00f2, Moodul Viviendas Industrializadas, SL ha nomenat un Responsable de Seguretat de Dades per garantir el correcte funcionament de la Pol\u00edtica de Privadesa i per assegurar que es compleixin els requisits en relaci\u00f3 amb les dades personals dels usuaris interns i externs. Podeu posar-vos en contacte amb el Responsable de Seguretat de Dades enviant un correu electr\u00f2nic a <a title=\"\" href=\"mailto:rgpd@moodul.es\">rgpd@moodul.es<\/a>.<\/p>\t\t\t\t\t\t\t\t<\/div>\n\t\t\t\t<\/div>\n\t\t\t\t\t<\/div>\n\t\t\t\t<\/div>\n\t\t\t\t<\/div>","protected":false},"excerpt":{"rendered":"<p>Av\u00eds Legal D&#039;acord amb la Llei 34\/2002 de 11 de juliol, de Serveis de la Societat de la Informaci\u00f3 i de Comer\u00e7 Electr\u00f2nic, us informem dels seg\u00fcents detalls legals: Identificaci\u00f3 del lloc web:www.moodul.es Gestor del lloc web:Moodul Vivendas Industrializadas, SL Adre\u00e7a:Pol. Ind. Riu Clar, C\/ Coure, 39 43006 -Tarragona Correu electr\u00f2nic de contacte: rgpd@moodul.es [\u2026]<\/p>","protected":false},"author":3,"featured_media":0,"parent":0,"menu_order":0,"comment_status":"closed","ping_status":"closed","template":"","meta":{"_acf_changed":false,"footnotes":""},"class_list":["post-1594","page","type-page","status-publish","hentry"],"acf":[],"_links":{"self":[{"href":"https:\/\/moodul.es\/ca\/wp-json\/wp\/v2\/pages\/1594","targetHints":{"allow":["GET"]}}],"collection":[{"href":"https:\/\/moodul.es\/ca\/wp-json\/wp\/v2\/pages"}],"about":[{"href":"https:\/\/moodul.es\/ca\/wp-json\/wp\/v2\/types\/page"}],"author":[{"embeddable":true,"href":"https:\/\/moodul.es\/ca\/wp-json\/wp\/v2\/users\/3"}],"replies":[{"embeddable":true,"href":"https:\/\/moodul.es\/ca\/wp-json\/wp\/v2\/comments?post=1594"}],"version-history":[{"count":5,"href":"https:\/\/moodul.es\/ca\/wp-json\/wp\/v2\/pages\/1594\/revisions"}],"predecessor-version":[{"id":1601,"href":"https:\/\/moodul.es\/ca\/wp-json\/wp\/v2\/pages\/1594\/revisions\/1601"}],"wp:attachment":[{"href":"https:\/\/moodul.es\/ca\/wp-json\/wp\/v2\/media?parent=1594"}],"curies":[{"name":"wp","href":"https:\/\/api.w.org\/{rel}","templated":true}]}}