{"id":1602,"date":"2024-08-12T18:41:33","date_gmt":"2024-08-12T16:41:33","guid":{"rendered":"https:\/\/moodul.es\/?page_id=1602"},"modified":"2024-08-12T18:44:00","modified_gmt":"2024-08-12T16:44:00","slug":"rgdp","status":"publish","type":"page","link":"https:\/\/moodul.es\/ca\/rgdp\/","title":{"rendered":"POL\u00cdTICA DE PRIVACITAT"},"content":{"rendered":"<div data-elementor-type=\"wp-page\" data-elementor-id=\"1602\" class=\"elementor elementor-1602\" data-elementor-post-type=\"page\">\n\t\t\t\t<div class=\"elementor-element elementor-element-f6d2091 e-flex e-con-boxed wcf-starter-animations-none e-con e-parent\" data-id=\"f6d2091\" data-element_type=\"container\" data-e-type=\"container\">\n\t\t\t\t\t<div class=\"e-con-inner\">\n\t\t\t\t<div class=\"elementor-element elementor-element-6fc8a42 wcf-starter-animations-none elementor-widget elementor-widget-heading\" data-id=\"6fc8a42\" data-element_type=\"widget\" data-e-type=\"widget\" data-settings=\"{&quot;wcf_starter_animations&quot;:&quot;none&quot;,&quot;wcf_anim_duration&quot;:1000,&quot;wcf_anim_delay&quot;:0,&quot;wcf_anim_ease&quot;:&quot;ease&quot;}\" data-widget_type=\"heading.default\">\n\t\t\t\t<div class=\"elementor-widget-container\">\n\t\t\t\t\t<h1 class=\"elementor-heading-title elementor-size-default\">Pol\u00edtica de privadesa<\/h1>\t\t\t\t<\/div>\n\t\t\t\t<\/div>\n\t\t\t\t\t<\/div>\n\t\t\t\t<\/div>\n\t\t<div class=\"elementor-element elementor-element-a0635df e-flex e-con-boxed wcf-starter-animations-none e-con e-parent\" data-id=\"a0635df\" data-element_type=\"container\" data-e-type=\"container\">\n\t\t\t\t\t<div class=\"e-con-inner\">\n\t\t\t\t<div class=\"elementor-element elementor-element-28666af wcf-starter-animations-none elementor-widget elementor-widget-text-editor\" data-id=\"28666af\" data-element_type=\"widget\" data-e-type=\"widget\" data-settings=\"{&quot;wcf_starter_animations&quot;:&quot;none&quot;,&quot;wcf_anim_duration&quot;:1000,&quot;wcf_anim_delay&quot;:0,&quot;wcf_anim_ease&quot;:&quot;ease&quot;}\" data-widget_type=\"text-editor.default\">\n\t\t\t\t<div class=\"elementor-widget-container\">\n\t\t\t\t\t\t\t\t\t<p>L&#039;adre\u00e7a del nostre lloc web \u00e9s: <a title=\"\" href=\"https:\/\/moodul.es\/ca\/\">https:\/\/moodul.es<\/a>.<\/p><p>Quan els visitants deixen comentaris al lloc, recopilem les dades mostrades al formulari de comentaris, aix\u00ed com l&#039;adre\u00e7a IP del visitant i la cadena d&#039;agent d&#039;usuari del navegador per ajudar a la detecci\u00f3 d&#039;spam.<\/p><p>Una cadena anonimitzada creada a partir de la vostra adre\u00e7a de correu electr\u00f2nic (tamb\u00e9 anomenada hash) pot ser proporcionada al servei Gravatar per veure si l&#039;est\u00e0 utilitzant. La pol\u00edtica de privadesa del servei Gravatar est\u00e0 disponible aqu\u00ed: <a href=\"https:\/\/automattic.com\/privacy\/\" target=\"_blank\" rel=\"noopener\">https:\/\/automattic.com\/privacy\/<\/a>. Despr\u00e9s de l&#039;aprovaci\u00f3 del vostre comentari, la vostra imatge de perfil \u00e9s visible per al p\u00fablic en el context del vostre comentari.<\/p><p><strong>Mitjans<\/strong><\/p><p>Si pugeu imatges al lloc web, heu d&#039;evitar pujar imatges amb dades d&#039;ubicaci\u00f3 incrustades (EXIF GPS). Els visitants del lloc web poden descarregar i extreure qualsevol dada dubicaci\u00f3 de les imatges al lloc web.<\/p><p><strong>Cookies<\/strong><\/p><p>Si deixeu un comentari al nostre lloc, podeu optar per desar el vostre nom, adre\u00e7a de correu electr\u00f2nic i lloc web en cookies. Aix\u00f2 \u00e9s per motius de comoditat, de manera que no hagi de tornar a omplir les seves dades quan deixi un altre comentari. Aquestes galetes duraran un any.<\/p><p>Si visiteu la nostra p\u00e0gina d&#039;inici de sessi\u00f3, establirem una galeta temporal per determinar si el vostre navegador accepta cookies. Aquesta galeta no cont\u00e9 dades personals i es descarta quan tanqueu el vostre navegador.<\/p><p>Quan inicieu sessi\u00f3, tamb\u00e9 configurarem diverses galetes per desar la vostra informaci\u00f3 d&#039;inici de sessi\u00f3 i les seves opcions de visualitzaci\u00f3 de pantalla. Les galetes d&#039;inici de sessi\u00f3 duren dos dies i les galetes d&#039;opcions de pantalla duren un any. Si seleccioneu Recordar-me, l&#039;inici de sessi\u00f3 persistir\u00e0 durant dues setmanes. Si tanqueu sessi\u00f3 al vostre compte, les galetes d&#039;inici de sessi\u00f3 s&#039;eliminaran.<\/p><p>Si editeu o publiqueu un article, es desar\u00e0 una galeta addicional al vostre navegador. Aquesta galeta no inclou dades personals i simplement indica l&#039;ID de publicaci\u00f3 de l&#039;article que acabeu d&#039;editar. Expira despr\u00e9s d&#039;un dia.<\/p><p><strong>Contingut incrustat d&#039;altres llocs web<\/strong><\/p><p>Els articles en aquest lloc poden incloure contingut incrustat (per exemple, v\u00eddeos, imatges, articles, etc.). El contingut incrustat daltres llocs web es comporta de la mateixa manera que si el visitant hagu\u00e9s visitat laltre lloc web.<\/p><p>Aquests llocs web poden recopilar dades sobre vost\u00e8, utilitzar cookies, incrustar seguiment addicional de tercers i monitoritzar la seva interacci\u00f3 amb aquest contingut incrustat, incloent el seguiment de la seva interacci\u00f3 amb el contingut incrustat si teniu un compte i heu iniciat sessi\u00f3 en aquest lloc web.<\/p><p><strong>Amb qui compartim les vostres dades<\/strong><\/p><p>Si sol\u00b7liciteu un restabliment de contrasenya, la vostra adre\u00e7a IP s&#039;inclour\u00e0 al correu electr\u00f2nic de restabliment.<\/p><p><strong>Quant temps conservem les vostres dades<\/strong><\/p><p>\u00a0Si deixeu un comentari, el comentari i les seves metadades es conserven indefinidament. Aix\u00f2 \u00e9s perqu\u00e8 puguem recon\u00e8ixer i aprovar qualsevol comentari de seguiment autom\u00e0ticament en lloc de mantenir-los en una cua de moderaci\u00f3.<\/p><p>Per als usuaris que es registren al nostre lloc web (si n&#039;hi ha), tamb\u00e9 emmagatzemem la informaci\u00f3 personal que proporcionen al vostre perfil d&#039;usuari. Tots els usuaris poden veure, editar o eliminar la vostra informaci\u00f3 personal en qualsevol moment (excepte que no poden canviar el vostre nom d&#039;usuari). Els administradors del lloc web tamb\u00e9 poden veure i editar aquesta informaci\u00f3.<\/p><p><strong>Quins drets teniu sobre les vostres dades<\/strong><\/p><p>Si teniu un compte en aquest lloc, o heu deixat comentaris, podeu demanar rebre un arxiu exportat de les dades personals que tenim sobre vost\u00e8, incloent qualsevol dada que ens hagi proporcionat. Tamb\u00e9 podeu sol\u00b7licitar que eliminem qualsevol dada personal que tinguem sobre vost\u00e8. Aix\u00f2 no inclou cap dada que estiguem obligats a conservar per motius administratius, legals o de seguretat.<\/p>\t\t\t\t\t\t\t\t<\/div>\n\t\t\t\t<\/div>\n\t\t\t\t\t<\/div>\n\t\t\t\t<\/div>\n\t\t\t\t<\/div>","protected":false},"excerpt":{"rendered":"<p>Pol\u00edtica de privadesa L&#039;adre\u00e7a del nostre lloc web \u00e9s: https:\/\/moodul.es. Quan els visitants deixen comentaris al lloc, recopilem les dades mostrades al formulari de comentaris, aix\u00ed com l&#039;adre\u00e7a IP del visitant i la cadena d&#039;agent d&#039;usuari del navegador per ajudar a la detecci\u00f3 d&#039;spam. Una cadena anonimitzada creada [\u2026]<\/p>","protected":false},"author":3,"featured_media":0,"parent":0,"menu_order":0,"comment_status":"closed","ping_status":"closed","template":"","meta":{"_acf_changed":false,"footnotes":""},"class_list":["post-1602","page","type-page","status-publish","hentry"],"acf":[],"_links":{"self":[{"href":"https:\/\/moodul.es\/ca\/wp-json\/wp\/v2\/pages\/1602","targetHints":{"allow":["GET"]}}],"collection":[{"href":"https:\/\/moodul.es\/ca\/wp-json\/wp\/v2\/pages"}],"about":[{"href":"https:\/\/moodul.es\/ca\/wp-json\/wp\/v2\/types\/page"}],"author":[{"embeddable":true,"href":"https:\/\/moodul.es\/ca\/wp-json\/wp\/v2\/users\/3"}],"replies":[{"embeddable":true,"href":"https:\/\/moodul.es\/ca\/wp-json\/wp\/v2\/comments?post=1602"}],"version-history":[{"count":4,"href":"https:\/\/moodul.es\/ca\/wp-json\/wp\/v2\/pages\/1602\/revisions"}],"predecessor-version":[{"id":1606,"href":"https:\/\/moodul.es\/ca\/wp-json\/wp\/v2\/pages\/1602\/revisions\/1606"}],"wp:attachment":[{"href":"https:\/\/moodul.es\/ca\/wp-json\/wp\/v2\/media?parent=1602"}],"curies":[{"name":"wp","href":"https:\/\/api.w.org\/{rel}","templated":true}]}}