{"id":1607,"date":"2024-08-12T18:44:38","date_gmt":"2024-08-12T16:44:38","guid":{"rendered":"https:\/\/moodul.es\/?page_id=1607"},"modified":"2025-03-11T15:43:10","modified_gmt":"2025-03-11T13:43:10","slug":"politica-de-cookies","status":"publish","type":"page","link":"https:\/\/moodul.es\/ca\/politica-de-cookies\/","title":{"rendered":"Pol\u00edtica de Cookies"},"content":{"rendered":"<div data-elementor-type=\"wp-page\" data-elementor-id=\"1607\" class=\"elementor elementor-1607\" data-elementor-post-type=\"page\">\n\t\t\t\t<div class=\"elementor-element elementor-element-f6d2091 e-flex e-con-boxed wcf-starter-animations-none e-con e-parent\" data-id=\"f6d2091\" data-element_type=\"container\" data-e-type=\"container\">\n\t\t\t\t\t<div class=\"e-con-inner\">\n\t\t\t\t<div class=\"elementor-element elementor-element-6fc8a42 wcf-starter-animations-none elementor-widget elementor-widget-heading\" data-id=\"6fc8a42\" data-element_type=\"widget\" data-e-type=\"widget\" data-settings=\"{&quot;wcf_starter_animations&quot;:&quot;none&quot;,&quot;wcf_anim_duration&quot;:1000,&quot;wcf_anim_delay&quot;:0,&quot;wcf_anim_ease&quot;:&quot;ease&quot;}\" data-widget_type=\"heading.default\">\n\t\t\t\t<div class=\"elementor-widget-container\">\n\t\t\t\t\t<h1 class=\"elementor-heading-title elementor-size-default\">Pol\u00edtica de cookies<\/h1>\t\t\t\t<\/div>\n\t\t\t\t<\/div>\n\t\t\t\t\t<\/div>\n\t\t\t\t<\/div>\n\t\t<div class=\"elementor-element elementor-element-a0635df e-flex e-con-boxed wcf-starter-animations-none e-con e-parent\" data-id=\"a0635df\" data-element_type=\"container\" data-e-type=\"container\">\n\t\t\t\t\t<div class=\"e-con-inner\">\n\t\t\t\t<div class=\"elementor-element elementor-element-28666af wcf-starter-animations-none elementor-widget elementor-widget-text-editor\" data-id=\"28666af\" data-element_type=\"widget\" data-e-type=\"widget\" data-settings=\"{&quot;wcf_starter_animations&quot;:&quot;none&quot;,&quot;wcf_anim_duration&quot;:1000,&quot;wcf_anim_delay&quot;:0,&quot;wcf_anim_ease&quot;:&quot;ease&quot;}\" data-widget_type=\"text-editor.default\">\n\t\t\t\t<div class=\"elementor-widget-container\">\n\t\t\t\t\t\t\t\t\t<p>Aquesta Pol\u00edtica de Cookies \u00e9s un complement a la Pol\u00edtica de Privadesa dels llocs web propietat de <b>Moodul Viviendas Industrializadas, S.L.<\/b><\/p><p>L&#039;acc\u00e9s i la navegaci\u00f3 a trav\u00e9s del Lloc Web, o l&#039;\u00fas dels seus serveis, impliquen l&#039;acceptaci\u00f3 de les disposicions de l&#039;Av\u00eds Legal del Lloc Web i la Pol\u00edtica de Privadesa.<\/p><p>A <b>Moodul Viviendas Industrializadas, S.L.<\/b>, utilitzem cookies o altres arxius de funcionalitat similar (d&#039;ara endavant, \u201ccookies\u201d) per con\u00e8ixer com utilitza els nostres serveis i millorar-los. <b>Moodul Viviendas Industrializadas, S.L.<\/b> \u00e9s responsable de les galetes i del tractament de les dades obtingudes a trav\u00e9s d&#039;elles, ja siguin pr\u00f2pies o de tercers, decidint sobre la finalitat, contingut i \u00fas del tractament de la informaci\u00f3 recopilada.<\/p><p>El prop\u00f2sit d&#039;aquesta pol\u00edtica \u00e9s informar-vos de manera clara i detallada sobre qu\u00e8 \u00e9s una galeta, quin \u00e9s el seu prop\u00f2sit, quin tipus de cookies utilitzem i com configurar-les o, si escau, desactivar-les.<\/p><p>Una galeta \u00e9s un petit arxiu de text que s&#039;emmagatzema al vostre navegador quan visita el nostre lloc web i que guarda informaci\u00f3 sobre la navegaci\u00f3 que realitza. Algunes galetes s\u00f3n essencials per al funcionament correcte dels llocs web, com les galetes t\u00e8cniques o les galetes de personalitzaci\u00f3 de la interf\u00edcie d&#039;usuari, encara que d&#039;altres, com les galetes d&#039;an\u00e0lisi o les galetes de publicitat comportamental, requereixen que us informem i obtinguem el vostre consentiment per a ser utilitzades per nosaltres.<\/p><p>A continuaci\u00f3, i perqu\u00e8 vost\u00e8 pugui donar un consentiment completament informat, detallem la informaci\u00f3 sobre qu\u00e8 \u00e9s i quin \u00e9s el prop\u00f2sit de cada tipus de galeta.<\/p><p><b>Galetes t\u00e8cniques<\/b> s\u00f3n aquelles que permeten a l&#039;usuari navegar a trav\u00e9s d&#039;un lloc web, plataforma o aplicaci\u00f3 i utilitzar les diferents opcions o serveis que hi existeixen, incloent-hi la gesti\u00f3 i operaci\u00f3 del lloc web i habilitar les seves funcions i serveis, com, per exemple, identificar la sessi\u00f3, accedir a parts d&#039;acc\u00e9s restringit, recordar els elements que componen una comanda, realitzar el proc\u00e9s que compra, no gestionar el pagament, gestionar el pagament, gestionar el pagament necess\u00e0ries i no requereixen el seu consentiment.<\/p><p><b>Galetes de prefer\u00e8ncia o personalitzaci\u00f3<\/b> permeten al lloc web recordar informaci\u00f3 que canvia la manera com la p\u00e0gina es comporta o l&#039;aspecte que t\u00e9 perqu\u00e8 l&#039;usuari accedeixi al servei amb certes caracter\u00edstiques que poden diferenciar les seves opcions d&#039;\u00fas del lloc web de les d&#039;altres usuaris, com ara l&#039;idioma, la quantitat de resultats a mostrar quan l&#039;usuari realitza una cerca o la regi\u00f3 on es troba l&#039;usuari. Si \u00e9s el mateix usuari qui escull aquestes caracter\u00edstiques, per exemple, marcant la bandera de l&#039;idioma, es considera un servei expressament sol\u00b7licitat si les galetes obeeixen exclusivament al prop\u00f2sit seleccionat de personalitzaci\u00f3. Igual que en el cas anterior, aquestes galetes no requereixen el seu consentiment.<\/p><p><b>Galetes d&#039;an\u00e0lisi o mesura<\/b> s\u00f3n aquelles que ens permeten comprendre com interactuen els visitants amb les p\u00e0gines web i fer l&#039;an\u00e0lisi estad\u00edstica de l&#039;\u00fas que fan els usuaris del lloc web dels serveis proporcionats. La informaci\u00f3 recopilada s&#039;utilitza en el mesurament de l&#039;activitat dels llocs web o aplicacions per introduir millores als productes i serveis oferts pel responsable.<\/p><p><b>Galetes de m\u00e0rqueting o publicitat comportamental<\/b> emmagatzemen informaci\u00f3 sobre el comportament de l&#039;usuari obtinguda a trav\u00e9s de l&#039;observaci\u00f3 cont\u00ednua dels seus h\u00e0bits de navegaci\u00f3, cosa que permet desenvolupar un perfil espec\u00edfic per mostrar anuncis rellevants i atractius per a l&#039;usuari individual i, per tant, m\u00e9s valuosos per a tercers anunciants.<\/p><p><b>Moodul Viviendas Industrializadas, S.L.<\/b> est\u00e0 utilitzant cookies pr\u00f2pies i de tercers de tipus t\u00e8cnic, personalitzaci\u00f3, an\u00e0lisi i publicitat, per als fins establerts a continuaci\u00f3 a la seg\u00fcent declaraci\u00f3 de cookies:<\/p><p>Per a les galetes d&#039;an\u00e0lisi i publicitat necessitem el vostre consentiment que podem obtenir en fer clic al bot\u00f3 \u00abAccepto\u00bb al missatge d&#039;informaci\u00f3 que es mostra en accedir al nostre lloc web.<\/p><p>Si desactiveu les galetes, podeu continuar accedint al lloc web, per\u00f2 la navegaci\u00f3 pot no ser \u00f2ptima i alguns dels serveis oferts poden no funcionar correctament.<\/p><p>Si en el futur Moodul Habitatges Industrialitzats, SL t\u00e9 la intenci\u00f3 d&#039;utilitzar diferents tipus de cookies a les esmentades en aquesta Pol\u00edtica de Cookies per proporcionar nous serveis o cal adaptar-lo a nous requisits legislatius, se us notificar\u00e0.<\/p><p>Podeu permetre, bloquejar o eliminar les galetes instal\u00b7lades al dispositiu a trav\u00e9s del men\u00fa de configuraci\u00f3 del vostre navegador d&#039;internet, podent configurar-lo per bloquejar cookies o alertar l&#039;usuari quan un servidor vulgui guardar-la.<\/p><p>Els seg\u00fcents enlla\u00e7os proporcionen informaci\u00f3 sobre com configurar i\/o desactivar les galetes per a cadascun dels principals navegadors del mercat perqu\u00e8 l&#039;usuari pugui decidir si accepta l&#039;\u00fas de galetes o no.<\/p><p>Microsoft Internet Explorer \u2013 Men\u00fa Eines &gt; Opcions d&#039;Internet &gt; Privadesa &gt; Configuraci\u00f3. Cookies. Si teniu preguntes sobre aquesta pol\u00edtica de cookies, podeu contactar amb Moodul Viviendas Industrializadas, SL a <a title=\"\" href=\"mailto:rgpd@moodul.es\">rgpd@moodul.es<\/a>.<\/p>\t\t\t\t\t\t\t\t<\/div>\n\t\t\t\t<\/div>\n\t\t\t\t<div class=\"elementor-element elementor-element-095de97 wcf-starter-animations-none elementor-widget elementor-widget-heading\" data-id=\"095de97\" data-element_type=\"widget\" data-e-type=\"widget\" data-settings=\"{&quot;wcf_starter_animations&quot;:&quot;none&quot;,&quot;wcf_anim_duration&quot;:1000,&quot;wcf_anim_delay&quot;:0,&quot;wcf_anim_ease&quot;:&quot;ease&quot;}\" data-widget_type=\"heading.default\">\n\t\t\t\t<div class=\"elementor-widget-container\">\n\t\t\t\t\t<h2 class=\"elementor-heading-title elementor-size-default\">Cookies usades al nostre lloc<\/h2>\t\t\t\t<\/div>\n\t\t\t\t<\/div>\n\t\t\t\t<div class=\"elementor-element elementor-element-869e304 elementor-widget elementor-widget-html\" data-id=\"869e304\" data-element_type=\"widget\" data-e-type=\"widget\" data-widget_type=\"html.default\">\n\t\t\t\t<div class=\"elementor-widget-container\">\n\t\t\t\t\t<div class= \"cky-audit-table-element\"><\/div>\t\t\t\t<\/div>\n\t\t\t\t<\/div>\n\t\t\t\t\t<\/div>\n\t\t\t\t<\/div>\n\t\t\t\t<\/div>","protected":false},"excerpt":{"rendered":"<p>Pol\u00edtica de cookies Aquesta Pol\u00edtica de Cookies \u00e9s un complement a la Pol\u00edtica de Privadesa dels llocs web propietat de Moodul Viviendas Industrializadas, SL L&#039;acc\u00e9s i la navegaci\u00f3 a trav\u00e9s del Lloc Web, o l&#039;\u00fas dels seus serveis, impliquen l&#039;acceptaci\u00f3 de les disposicions de l&#039;Av\u00eds Legal del Lloc Web i la seva<\/p>","protected":false},"author":3,"featured_media":0,"parent":0,"menu_order":0,"comment_status":"closed","ping_status":"closed","template":"","meta":{"_acf_changed":false,"footnotes":""},"class_list":["post-1607","page","type-page","status-publish","hentry"],"acf":[],"_links":{"self":[{"href":"https:\/\/moodul.es\/ca\/wp-json\/wp\/v2\/pages\/1607","targetHints":{"allow":["GET"]}}],"collection":[{"href":"https:\/\/moodul.es\/ca\/wp-json\/wp\/v2\/pages"}],"about":[{"href":"https:\/\/moodul.es\/ca\/wp-json\/wp\/v2\/types\/page"}],"author":[{"embeddable":true,"href":"https:\/\/moodul.es\/ca\/wp-json\/wp\/v2\/users\/3"}],"replies":[{"embeddable":true,"href":"https:\/\/moodul.es\/ca\/wp-json\/wp\/v2\/comments?post=1607"}],"version-history":[{"count":10,"href":"https:\/\/moodul.es\/ca\/wp-json\/wp\/v2\/pages\/1607\/revisions"}],"predecessor-version":[{"id":2668,"href":"https:\/\/moodul.es\/ca\/wp-json\/wp\/v2\/pages\/1607\/revisions\/2668"}],"wp:attachment":[{"href":"https:\/\/moodul.es\/ca\/wp-json\/wp\/v2\/media?parent=1607"}],"curies":[{"name":"wp","href":"https:\/\/api.w.org\/{rel}","templated":true}]}}