{"id":1905,"date":"2024-08-24T16:33:57","date_gmt":"2024-08-24T14:33:57","guid":{"rendered":"https:\/\/moodul.es\/?page_id=1905"},"modified":"2025-05-09T21:45:18","modified_gmt":"2025-05-09T19:45:18","slug":"precios","status":"publish","type":"page","link":"https:\/\/moodul.es\/ca\/preus\/","title":{"rendered":"Preus"},"content":{"rendered":"<div data-elementor-type=\"wp-page\" data-elementor-id=\"1905\" class=\"elementor elementor-1905\" data-elementor-post-type=\"page\">\n\t\t\t\t<div class=\"elementor-element elementor-element-44d2f71 e-flex e-con-boxed wcf-starter-animations-none e-con e-parent\" data-id=\"44d2f71\" data-element_type=\"container\" data-e-type=\"container\">\n\t\t\t\t\t<div class=\"e-con-inner\">\n\t\t<div class=\"elementor-element elementor-element-c5dc637 e-con-full e-flex wcf-starter-animations-none e-con e-child\" data-id=\"c5dc637\" data-element_type=\"container\" data-e-type=\"container\">\n\t\t\t\t<div class=\"elementor-element elementor-element-4515438 wcf-starter-animations-none elementor-widget elementor-widget-heading\" data-id=\"4515438\" data-element_type=\"widget\" data-e-type=\"widget\" data-settings=\"{&quot;wcf_starter_animations&quot;:&quot;none&quot;,&quot;wcf_anim_duration&quot;:1000,&quot;wcf_anim_delay&quot;:0,&quot;wcf_anim_ease&quot;:&quot;ease&quot;}\" data-widget_type=\"heading.default\">\n\t\t\t\t<div class=\"elementor-widget-container\">\n\t\t\t\t\t<h2 class=\"elementor-heading-title elementor-size-default\">\u00bf Quan costa casa modular?<\/h2>\t\t\t\t<\/div>\n\t\t\t\t<\/div>\n\t\t\t\t<div class=\"elementor-element elementor-element-f2ddd07 wcf-starter-animations-none elementor-widget elementor-widget-text-editor\" data-id=\"f2ddd07\" data-element_type=\"widget\" data-e-type=\"widget\" data-settings=\"{&quot;wcf_starter_animations&quot;:&quot;none&quot;,&quot;wcf_anim_duration&quot;:1000,&quot;wcf_anim_delay&quot;:0,&quot;wcf_anim_ease&quot;:&quot;ease&quot;}\" data-widget_type=\"text-editor.default\">\n\t\t\t\t<div class=\"elementor-widget-container\">\n\t\t\t\t\t\t\t\t\t<p>Dependr\u00e0 del <strong>mida<\/strong> de la casa i el nivell de <strong>acabats<\/strong> que tri\u00efs.\u00a0<\/p><p>Preu tancat des de 310.000\u20ac.<\/p><p>Tenim un <strong>calculador en l\u00ednia<\/strong> amb qu\u00e8 obtindr\u00e0s una orientaci\u00f3 ara.<\/p>\t\t\t\t\t\t\t\t<\/div>\n\t\t\t\t<\/div>\n\t\t\t\t<div class=\"elementor-element elementor-element-af8d660 wcf-starter-animations-none elementor-widget elementor-widget-text-editor\" data-id=\"af8d660\" data-element_type=\"widget\" data-e-type=\"widget\" data-settings=\"{&quot;wcf_starter_animations&quot;:&quot;none&quot;,&quot;wcf_anim_duration&quot;:1000,&quot;wcf_anim_delay&quot;:0,&quot;wcf_anim_ease&quot;:&quot;ease&quot;}\" data-widget_type=\"text-editor.default\">\n\t\t\t\t<div class=\"elementor-widget-container\">\n\t\t\t\t\t\t\t\t\t<p>L&#039;assistent us portar\u00e0 menys d&#039;un minut i <strong>rebr\u00e0s un e-mail<\/strong> amb una estimaci\u00f3 del preu de la casa que heu configurat.<\/p><p>No ser\u00e0 un pressupost definitiu, per\u00f2 tindr\u00e0s una bona idea de per on van els trets.<\/p>\t\t\t\t\t\t\t\t<\/div>\n\t\t\t\t<\/div>\n\t\t\t\t<div class=\"elementor-element elementor-element-e8bf326 elementor-align-left elementor-widget elementor-widget-button\" data-id=\"e8bf326\" data-element_type=\"widget\" data-e-type=\"widget\" data-settings=\"{&quot;sticky&quot;:&quot;top&quot;,&quot;sticky_on&quot;:[&quot;desktop&quot;,&quot;tablet&quot;,&quot;mobile&quot;],&quot;sticky_offset&quot;:0,&quot;sticky_effects_offset&quot;:0,&quot;sticky_anchor_link_offset&quot;:0}\" data-widget_type=\"button.default\">\n\t\t\t\t<div class=\"elementor-widget-container\">\n\t\t\t\t\t\t\t\t\t<div class=\"elementor-button-wrapper\">\n\t\t\t\t\t<a class=\"elementor-button elementor-button-link elementor-size-sm\" href=\"https:\/\/moodul.es\/ca\/calculador\/\">\n\t\t\t\t\t\t<span class=\"elementor-button-content-wrapper\">\n\t\t\t\t\t\t<span class=\"elementor-button-icon\">\n\t\t\t\t<svg aria-hidden=\"true\" class=\"e-font-icon-svg e-fas-arrow-right\" viewbox=\"0 0 448 512\" xmlns=\"http:\/\/www.w3.org\/2000\/svg\"><path d=\"M190.5 66.9l22.2-22.2c9.4-9.4 24.6-9.4 33.9 0L441 239c9.4 9.4 9.4 24.6 0 33.9L246.6 467.3c-9.4 9.4-24.6 9.4-33.9 0l-22.2-22.2c-9.5-9.5-9.3-25 .4-34.3L311.4 296H24c-13.3 0-24-10.7-24-24v-32c0-13.3 10.7-24 24-24h287.4L190.9 101.2c-9.8-9.3-10-24.8-.4-34.3z\"><\/path><\/svg>\t\t\t<\/span>\n\t\t\t\t\t\t\t\t\t<span class=\"elementor-button-text\">CALCULAR PREU<\/span>\n\t\t\t\t\t<\/span>\n\t\t\t\t\t<\/a>\n\t\t\t\t<\/div>\n\t\t\t\t\t\t\t\t<\/div>\n\t\t\t\t<\/div>\n\t\t\t\t<\/div>\n\t\t\t\t\t<\/div>\n\t\t\t\t<\/div>\n\t\t\t\t<\/div>","protected":false},"excerpt":{"rendered":"<p>Quan costa casa modular? Dependr\u00e0 de la mida de la casa i el nivell d&#039;acabats que tri\u00efs. Preu tancat des de 310.000\u20ac. Tenim un calculador en l\u00ednia amb qu\u00e8 obtindr\u00e0s una orientaci\u00f3 ara. L&#039;assistent et portar\u00e0 menys d&#039;un minut i rebr\u00e0s un correu electr\u00f2nic amb una estimaci\u00f3 del preu de la [\u2026]<\/p>","protected":false},"author":3,"featured_media":0,"parent":0,"menu_order":0,"comment_status":"closed","ping_status":"closed","template":"elementor_header_footer","meta":{"_acf_changed":false,"footnotes":""},"class_list":["post-1905","page","type-page","status-publish","hentry"],"acf":[],"_links":{"self":[{"href":"https:\/\/moodul.es\/ca\/wp-json\/wp\/v2\/pages\/1905","targetHints":{"allow":["GET"]}}],"collection":[{"href":"https:\/\/moodul.es\/ca\/wp-json\/wp\/v2\/pages"}],"about":[{"href":"https:\/\/moodul.es\/ca\/wp-json\/wp\/v2\/types\/page"}],"author":[{"embeddable":true,"href":"https:\/\/moodul.es\/ca\/wp-json\/wp\/v2\/users\/3"}],"replies":[{"embeddable":true,"href":"https:\/\/moodul.es\/ca\/wp-json\/wp\/v2\/comments?post=1905"}],"version-history":[{"count":142,"href":"https:\/\/moodul.es\/ca\/wp-json\/wp\/v2\/pages\/1905\/revisions"}],"predecessor-version":[{"id":2869,"href":"https:\/\/moodul.es\/ca\/wp-json\/wp\/v2\/pages\/1905\/revisions\/2869"}],"wp:attachment":[{"href":"https:\/\/moodul.es\/ca\/wp-json\/wp\/v2\/media?parent=1905"}],"curies":[{"name":"wp","href":"https:\/\/api.w.org\/{rel}","templated":true}]}}