{"id":1594,"date":"2024-08-12T18:28:09","date_gmt":"2024-08-12T16:28:09","guid":{"rendered":"https:\/\/moodul.es\/?page_id=1594"},"modified":"2024-08-12T18:33:23","modified_gmt":"2024-08-12T16:33:23","slug":"aviso-legal","status":"publish","type":"page","link":"https:\/\/moodul.es\/de\/rechtliche-hinweise\/","title":{"rendered":"RECHTLICHER HINWEIS"},"content":{"rendered":"<div data-elementor-type=\"wp-page\" data-elementor-id=\"1594\" class=\"elementor elementor-1594\" data-elementor-post-type=\"page\">\n\t\t\t\t<div class=\"elementor-element elementor-element-f6d2091 e-flex e-con-boxed wcf-starter-animations-none e-con e-parent\" data-id=\"f6d2091\" data-element_type=\"container\" data-e-type=\"container\">\n\t\t\t\t\t<div class=\"e-con-inner\">\n\t\t\t\t<div class=\"elementor-element elementor-element-6fc8a42 wcf-starter-animations-none elementor-widget elementor-widget-heading\" data-id=\"6fc8a42\" data-element_type=\"widget\" data-e-type=\"widget\" data-settings=\"{&quot;wcf_starter_animations&quot;:&quot;none&quot;,&quot;wcf_anim_duration&quot;:1000,&quot;wcf_anim_delay&quot;:0,&quot;wcf_anim_ease&quot;:&quot;ease&quot;}\" data-widget_type=\"heading.default\">\n\t\t\t\t<div class=\"elementor-widget-container\">\n\t\t\t\t\t<h1 class=\"elementor-heading-title elementor-size-default\">Rechtliche Hinweise<\/h1>\t\t\t\t<\/div>\n\t\t\t\t<\/div>\n\t\t\t\t\t<\/div>\n\t\t\t\t<\/div>\n\t\t<div class=\"elementor-element elementor-element-a0635df e-flex e-con-boxed wcf-starter-animations-none e-con e-parent\" data-id=\"a0635df\" data-element_type=\"container\" data-e-type=\"container\">\n\t\t\t\t\t<div class=\"e-con-inner\">\n\t\t\t\t<div class=\"elementor-element elementor-element-28666af wcf-starter-animations-none elementor-widget elementor-widget-text-editor\" data-id=\"28666af\" data-element_type=\"widget\" data-e-type=\"widget\" data-settings=\"{&quot;wcf_starter_animations&quot;:&quot;none&quot;,&quot;wcf_anim_duration&quot;:1000,&quot;wcf_anim_delay&quot;:0,&quot;wcf_anim_ease&quot;:&quot;ease&quot;}\" data-widget_type=\"text-editor.default\">\n\t\t\t\t<div class=\"elementor-widget-container\">\n\t\t\t\t\t\t\t\t\t<p>Gem\u00e4\u00df dem Gesetz 34\/2002 vom 11. Juli \u00fcber Dienste der Informationsgesellschaft und elektronischen Handel informieren wir Sie \u00fcber die folgenden rechtlichen Details:<\/p><p><b>Website-ID:<br \/><\/b><a title=\"\" href=\"https:\/\/moodul.es\/de\/\">www.moodul.es<\/a><\/p><p><b>Website-Manager:<br \/><\/b>Moodul Viviendas Industrializadas, S.L.<\/p><p><b>Adresse:<br \/><\/b>Pol. Ind. Riu Clar, C\/ Coure, 39 43006 -Tarragona<\/p><p><b>Kontakt-E-Mail:<br \/><\/b><a title=\"\" href=\"mailto:rgpd@moodul.es\">rgpd@moodul.es<\/a><\/p><p><b>Telefon:<br \/><\/b>+34 977 424 274<\/p><p><b>NIF\/MwSt.:<br \/><\/b>ESB16497182<\/p><p><b>Handelsregisterdaten:<br \/><\/b>Handelsregister von Tarragona. Folio: Elec, Abschnitt 8, Blatt T 62165, Insc. 1, Datum 31-5-2024<\/p><p>\u00a0<\/p><p><b>DATENSCHUTZRICHTLINIE<\/b><\/p><p><b>BENUTZERAKZEPTANZ<\/b><\/p><p>Dieses Dokument (\u201eDATENSCHUTZRICHTLINIE\u201c) regelt die Nutzung der Website, die Moodul Viviendas Industrializadas, SL der \u00d6ffentlichkeit zur Verf\u00fcgung stellt.<\/p><p>Die geistigen Eigentumsrechte dieser Website, ihres Quellcodes, ihrer Datenbanken und anderer Elemente sind Eigentum von Moodul Viviendas Industrializadas, SL, das der ausschlie\u00dfliche Inhaber der Nutzungsrechte dieser Website ist, insbesondere der Rechte zur Vervielf\u00e4ltigung, Verbreitung, \u00f6ffentlichen Kommunikation, Wartung und Anpassung.<\/p><p>Durch die Nutzung dieser Website erkl\u00e4ren Sie sich als Benutzer mit allen in dieser Datenschutzrichtlinie festgelegten Bedingungen einverstanden.<\/p><p><b>ORDNUNGSGEM\u00c4\u00dfE NUTZUNG DER WEBSITE<\/b><\/p><p>Sie m\u00fcssen diese Website, ihre Inhalte und Dienste in \u00dcbereinstimmung mit dem Gesetz, dieser Datenschutzrichtlinie, bew\u00e4hrten Praktiken und der \u00f6ffentlichen Ordnung nutzen. Sie d\u00fcrfen diese Website oder die dar\u00fcber bereitgestellten Dienste nicht f\u00fcr illegale Zwecke oder unter Verletzung dieser Datenschutzrichtlinie verwenden oder eine Nutzung, die die Interessen oder Rechte Dritter verletzen oder die Website oder ihre Dienste besch\u00e4digen, unbrauchbar machen oder beeintr\u00e4chtigen oder die zufriedenstellende Nutzung der Website durch andere Benutzer verhindern k\u00f6nnte.<\/p><p>Sie verpflichten sich au\u00dferdem, keine Daten, Programme oder elektronischen bzw. sonstigen Dokumente der Website zu zerst\u00f6ren, zu ver\u00e4ndern, unbrauchbar zu machen oder anderweitig zu besch\u00e4digen.<\/p><p>Sie behindern den Zugriff anderer Benutzer auf den Dienst nicht durch eine massive Nutzung der Rechenressourcen, \u00fcber die Moodul Viviendas Industrializadas, SL den Dienst bereitstellt. Sie werden keine Aktionen ausf\u00fchren, die die oben genannten Systeme besch\u00e4digen, unterbrechen oder Fehler verursachen.<\/p><p>Sie d\u00fcrfen keine Programme, Viren, Makroanweisungen, Minianwendungen, Steuerelemente jeglicher Art oder sonstige logische Ger\u00e4te oder Zeichenfolgen einf\u00fchren, die Ver\u00e4nderungen jeglicher Art an den Computersystemen von Moodul Viviendas Industrializadas, SL oder Dritten verursachen oder verursachen k\u00f6nnen oder gegen geistige oder gewerbliche Eigentumsrechte versto\u00dfen.<\/p><p>Sie d\u00fcrfen die Informationen, Nachrichten, Grafiken, Zeichnungen, audiovisuellen Dateien, Fotos, Programme und generell jegliche Art von Material, auf das \u00fcber die Website oder die dort angebotenen Dienste zugegriffen werden kann, nicht missbrauchen.<\/p><p>Moodul Viviendas Industrializadas, SL lehnt daher jegliche Haftung f\u00fcr etwaige Sch\u00e4den ab, die an der Technologie (Computer- oder Telematikausr\u00fcstung) der Besucher dieser Seite infolge des Auftretens der im vorhergehenden Absatz genannten Umst\u00e4nde oder Ereignisse entstehen k\u00f6nnten. Dar\u00fcber hinaus \u00fcbernimmt Moodul Viviendas Industrializadas, SL keine Garantie daf\u00fcr, dass die Website und der Server virenfrei sind und ist nicht f\u00fcr Sch\u00e4den verantwortlich, die durch den Zugriff auf die Website oder die Unm\u00f6glichkeit des Zugriffs auf sie entstehen.<\/p><p>Moodul Viviendas Industrializadas, SL ist nicht verantwortlich f\u00fcr die Informationen, die \u00fcber Links zu externen Systemen auf seiner Website abgerufen werden k\u00f6nnen.<\/p><p><b>GEISTIGES UND INDUSTRIELLES EIGENTUM<\/b><\/p><p>Diese Website und ihr gesamter Inhalt, einschlie\u00dflich Texte, Dokumente, Fotos, Zeichnungen, grafische Darstellungen, Datenbanken, Computerprogramme, Logos, Marken, Handelsnamen und andere Kennzeichen, sind Eigentum von Moodul Viviendas Industrializadas, SL oder Dritten, die Moodul Viviendas Industrializadas, SL deren Nutzung gestattet haben.<\/p><p>Alle Rechte vorbehalten.<\/p><p><b>VERANTWORTUNG<\/b><\/p><p><b>Verantwortung von Moodul Viviendas Industrializadas, SL f\u00fcr die Nutzung der Website<\/b><\/p><p>Sie als Nutzer sind allein verantwortlich f\u00fcr von Ihnen begangene Verst\u00f6\u00dfe und Sch\u00e4den, die von Ihnen verursacht werden oder die durch die Nutzung der Website entstehen. Moodul Viviendas Industrializadas, SL wird von jeglicher Haftung entbunden, die sich aus seinen Handlungen ergeben kann.<\/p><p>Sie sind allein verantwortlich f\u00fcr s\u00e4mtliche Anspr\u00fcche oder rechtliche Schritte, gerichtlich oder au\u00dfergerichtlich, die von Dritten gegen Moodul Viviendas Industrializadas, SL aufgrund Ihrer Nutzung der Website eingeleitet werden. Sie \u00fcbernehmen s\u00e4mtliche Ausgaben, Kosten und Entsch\u00e4digungen, die von Moodul Viviendas Industrializadas, SL aufgrund von Anspr\u00fcchen oder Rechtsverfahren verlangt werden, die Ihnen zuzuschreiben sind.<\/p><p><b>Verantwortung von Moodul Viviendas Industrializadas, SL f\u00fcr den Betrieb der Website<\/b><\/p><p>Moodul Viviendas Industrializadas, SL \u00fcbernimmt keine Haftung f\u00fcr \u00dcbertragungsfehler, Auslassungen, Unterbrechungen, unerw\u00fcnschte St\u00f6rungen, Telekommunikationsm\u00e4ngel, Computerviren, Telefonausf\u00e4lle oder Unterbrechungen im Betrieb des elektronischen Systems aus Gr\u00fcnden, die au\u00dferhalb der Kontrolle von Moodul Viviendas Industrializadas, SL liegen.<\/p><p><b>Verantwortung von Moodul Viviendas Industrializadas, SL f\u00fcr Links auf der Website<\/b><\/p><p>Moodul Viviendas Industrializadas, SL \u00fcbernimmt keine Verantwortung f\u00fcr Informationen (Inhalte) oder Risiken (technische, wirtschaftliche, moralische Verluste) au\u00dferhalb der Website, auf die \u00fcber einen Link von der Website aus zugegriffen werden kann, da die Funktion der Links nur darin besteht, Informationen zu einem bestimmten Thema bereitzustellen.<\/p><p><b>Verpflichtung zum Datenschutz und zur Einhaltung des Gesetzes \u00fcber Dienste der Informationsgesellschaft und elektronischen Handel<\/b><\/p><p>In \u00dcbereinstimmung mit der DSGVO (Datenschutz-Grundverordnung 2016\/679 EU) zum Schutz personenbezogener Daten informiert Sie Moodul Viviendas Industrializadas, SL dar\u00fcber, dass die personenbezogenen Daten, die Sie beim Ausf\u00fcllen von Formularen oder in Vertragsdetails angeben, in von Moodul Viviendas Industrializadas, SL kontrollierten Dateien gespeichert werden. Diese Dateien werden zum Zweck der Bereitstellung unserer Dienstleistungen und Produkte sowie von Informationen dar\u00fcber verarbeitet. Eine Weitergabe oder Offenlegung dieser Daten an Dritte ist nicht beabsichtigt. Indem Sie das Formular auf dieser Website ausf\u00fcllen, erkl\u00e4ren Sie, dass die von Ihnen bereitgestellten Informationen und pers\u00f6nlichen Daten Ihnen geh\u00f6ren und wahrheitsgetreu und genau sind.<\/p><ol type=\"1\"><li>Wer ist f\u00fcr die Verarbeitung Ihrer personenbezogenen Daten verantwortlich?<\/li><\/ol><p>Der Verantwortliche f\u00fcr die Datenverarbeitung ist: Moodul Viviendas Industrializadas, SL Pol. Ind. Riu Clar, C\/ Coure, 39 43006 -Tarragona<\/p><p>E-Mail: <a title=\"\" href=\"mailto:rgpd@moodul.es\">rgpd@moodul.es<\/a><\/p><ol type=\"1\"><li>Zu welchen Zwecken werden Ihre personenbezogenen Daten weiter verarbeitet?<\/li><\/ol><p>Wir verarbeiten die personenbezogenen Daten unserer Kontakte, Kunden und Lieferanten, um (i) die Gesch\u00e4ftsbeziehung mit ihnen und insbesondere die vertraglichen Aspekte zu verwalten; (ii) dem Versenden von Informationen \u00fcber unser Unternehmen und die Branche sowie der Organisation von Aktivit\u00e4ten, Kampagnen oder Veranstaltungen; und (iii) das Versenden von informativen und kommerziellen Mitteilungen (auch auf elektronischem Wege).<\/p><ol type=\"1\"><li>Wie lange speichern wir Ihre personenbezogenen Daten?<\/li><\/ol><p>Die personenbezogenen Daten werden gem\u00e4\u00df den geltenden Rechnungslegungsvorschriften f\u00fcr sechs Jahre und gegebenenfalls gem\u00e4\u00df den Vorschriften zur Geldw\u00e4schebek\u00e4mpfung f\u00fcr zehn Jahre gespeichert.<\/p><p>In jedem Fall speichert Moodul Viviendas Industrializadas, SL Ihre personenbezogenen Daten so lange, wie dies f\u00fcr die Durchf\u00fchrung unseres Vertragsverh\u00e4ltnisses erforderlich ist, es sei denn, Sie verlangen deren L\u00f6schung. Dar\u00fcber hinaus bewahren wir Ihre Daten so lange auf, wie dies f\u00fcr die Erf\u00fcllung unserer rechtlichen Verpflichtungen entsprechend der Art der betreffenden Daten erforderlich ist.<\/p><ol type=\"1\"><li>Auf welcher Rechtsgrundlage erfolgt die Verarbeitung Ihrer personenbezogenen Daten?<\/li><\/ol><p>Die Rechtsgrundlage f\u00fcr die Verarbeitung Ihrer personenbezogenen Daten ist das beiderseitige Interesse und Ihre Einwilligung.<\/p><ol type=\"1\"><li>An welche Empf\u00e4nger geben wir Ihre personenbezogenen Daten weiter?<\/li><\/ol><p>Wir d\u00fcrfen Ihre Daten nur an Unternehmen unserer Gruppe oder an mit Moodul Viviendas Industrializadas, SL verbundene Dritte zur Verwaltung unserer Produkte oder Dienstleistungen f\u00fcr die oben genannten Zwecke weitergeben. Dar\u00fcber hinaus k\u00f6nnen wir Ihre Daten gegen\u00fcber Beh\u00f6rden offen legen, wenn wir dazu gesetzlich verpflichtet sind.<\/p><p>Mitarbeiter von Moodul Viviendas Industrializadas, SL, die gem\u00e4\u00df der internen Sicherheitsstruktur von Moodul Viviendas Industrializadas, SL \u00fcber autorisierten Zugriff verf\u00fcgen, k\u00f6nnen f\u00fcr die in dieser Datenschutzrichtlinie beschriebenen Zwecke und Ziele auf Ihre personenbezogenen Daten zugreifen. Alle Mitarbeiter von Moodul Viviendas Industrializadas, SL wurden geschult und \u00fcber ihre diesbez\u00fcglichen Pflichten informiert und haben die entsprechenden Vertraulichkeitsvereinbarungen unterzeichnet. Ebenso k\u00f6nnen Dritte, deren Eingreifen f\u00fcr die ordnungsgem\u00e4\u00dfe Verwaltung der Bereitstellung der Dienste erforderlich ist, auf Ihre Daten zugreifen.<\/p><p>Moodul Viviendas Industrializadas, SL hat mit Drittparteien Vereinbarungen getroffen und Sicherheitsma\u00dfnahmen ergriffen, um ein angemessenes Ma\u00df an Sicherheit und Schutz personenbezogener Daten in der gesamten Kette zu gew\u00e4hrleisten.<\/p><ol type=\"1\"><li>Welche Rechte haben Sie bez\u00fcglich Ihrer personenbezogenen Daten?<\/li><\/ol><p>Sie k\u00f6nnen jederzeit Auskunft \u00fcber Ihre personenbezogenen Daten sowie deren Berichtigung, L\u00f6schung, Einschr\u00e4nkung der Verarbeitung und Daten\u00fcbertragbarkeit verlangen und der Verarbeitung Ihrer personenbezogenen Daten widersprechen.<\/p><p>Sie k\u00f6nnen Ihre Einwilligung zu kommerziellen Mitteilungen widerrufen und die oben genannten Rechte aus\u00fcben, indem Sie eine E-Mail an folgende Adresse senden: <a title=\"\" href=\"mailto:rgpd@moodul.es\">rgpd@moodul.es<\/a> von einem Dokument begleitet sein, das ihre Identit\u00e4t belegt. Sie m\u00fcssen eine solche Anfrage nicht stellen, wenn Sie uns bereits \u00fcber die Abmeldeoption am Ende unserer E-Mails benachrichtigt haben. In diesem Fall verf\u00fcgen wir bereits \u00fcber diese Informationen.<\/p><p>Wenn Sie keine zufriedenstellende Antwort erhalten und eine Beschwerde einreichen oder weitere Informationen zu einem dieser Rechte erhalten m\u00f6chten, k\u00f6nnen Sie sich an die spanische Datenschutzbeh\u00f6rde wenden (<a title=\"\" href=\"http:\/\/www.agpd.es\" target=\"_blank\" rel=\"noopener\">www.agpd.es<\/a>).<\/p><ol type=\"1\"><li>Welche personenbezogenen Daten speichern wir?<\/li><\/ol><p>Wir speichern grundlegende Daten, um Sie zu identifizieren, unsere Beziehung aufrechtzuerhalten und Rechnungen zu erstellen, wie etwa Ihren Namen, Ihre Postanschrift, NIF\/CIF (Steueridentifikationsnummer) und Bankkontonummer, wenn Sie als Kunde das Lastschriftverfahren w\u00e4hlen.<\/p><ol type=\"1\"><li>Welche Richtlinien gelten f\u00fcr Datenspeicherung, Verf\u00fcgbarkeit, Sicherung und Standort?<\/li><\/ol><p>Eine L\u00f6schung der Informationen erfolgt nicht, es sei denn, Sie fordern dies in F\u00e4llen an, in denen Daten gel\u00f6scht werden k\u00f6nnen (siehe Frage 3). Die Daten sind immer verf\u00fcgbar. Allerdings kann die Zusendung von Marketing-\/Verkaufsinformationen gesperrt sein, wenn Sie von einem Ihrer Rechte auf L\u00f6schung, Einschr\u00e4nkung oder Widerspruch gegen die Verarbeitung Gebrauch gemacht haben.<\/p><p>Von den Servern, auf denen sich die Daten befinden, werden Backups erstellt. Diese Backups sind ausreichend gesichert und gesch\u00fctzt.<\/p><ol type=\"1\"><li>Welche Datenschutz- und Sicherheitsrichtlinien gelten hinsichtlich Informationen und des Zugriffs darauf?<\/li><\/ol><p>Der Zugriff auf die Datenbank ist durch Benutzername und Passwort gesch\u00fctzt.<\/p><p>Der Fernzugriff erfolgt \u00fcber das VPN-Protokoll.<\/p><ol type=\"1\"><li>Wie lauten die Reaktionsrichtlinie und die Auswirkungsanalyse bei Sicherheitsvorf\u00e4llen?<\/li><\/ol><p>Moodul Viviendas Industrializadas, SL hat die entsprechenden technischen und organisatorischen Schutzma\u00dfnahmen ergriffen. Diese Ma\u00dfnahmen wurden auf personenbezogene Daten angewendet, die von einer potenziellen Verletzung des Schutzes personenbezogener Daten betroffen sind. Personen, die nicht zum Zugriff auf Kunden- oder Benutzerdaten berechtigt sind, ist der Zugriff auf diese Daten nicht gestattet.<\/p><p>Moodul Viviendas Industrializadas, SL hat eine aktuelle Risikoanalyse hinsichtlich der Verletzlichkeit personenbezogener Daten und ihrer Auswirkungen auf die Sicherheit der Privatsph\u00e4re von Kunden und Benutzern durchgef\u00fchrt und pflegt diese.<\/p><ol type=\"1\"><li>Welche Richtlinien gelten f\u00fcr das L\u00f6schen der Daten von Personen, die den Dienst abbestellen?<\/li><\/ol><p>Moodul Viviendas Industrializadas, SL deaktiviert die Konten von Kunden und Benutzern, die sich abmelden und von ihrem Recht auf L\u00f6schung Gebrauch machen. In diesem Fall werden die Kunden- bzw. Benutzerdaten gesperrt und f\u00fcr die gesetzlich erforderliche Zeit ausschlie\u00dflich zur Erf\u00fcllung rechtlicher Verpflichtungen, die das Bestehen der fr\u00fcheren Beziehung zwischen den Parteien belegen, aufbewahrt.<\/p><ol type=\"1\"><li>Wer ist unser Datenschutzbeauftragter?<\/li><\/ol><p>Moodul Viviendas Industrializadas, SL ist gem\u00e4\u00df der geltenden Gesetzgebung nicht verpflichtet, einen Datenschutzbeauftragten (DPD) zu ernennen.<\/p><p>Moodul Viviendas Industrializadas, SL hat jedoch einen Datenschutzbeauftragten ernannt, um das korrekte Funktionieren der Datenschutzrichtlinie zu gew\u00e4hrleisten und sicherzustellen, dass die Anforderungen in Bezug auf die personenbezogenen Daten interner und externer Benutzer erf\u00fcllt werden. Sie k\u00f6nnen den Datenschutzbeauftragten per E-Mail kontaktieren unter <a title=\"\" href=\"mailto:rgpd@moodul.es\">rgpd@moodul.es<\/a>.<\/p>\t\t\t\t\t\t\t\t<\/div>\n\t\t\t\t<\/div>\n\t\t\t\t\t<\/div>\n\t\t\t\t<\/div>\n\t\t\t\t<\/div>","protected":false},"excerpt":{"rendered":"<p>Rechtlicher Hinweis In \u00dcbereinstimmung mit dem Gesetz 34\/2002 vom 11. Juli \u00fcber Dienste der Informationsgesellschaft und elektronischen Handel informieren wir Sie \u00fcber die folgenden rechtlichen Details: Website-Identifikation: www.moodul.es Website-Manager: Moodul Viviendas Industrializadas, SL Adresse: Pol. Ind. Riu Clar, C\/ Coure, 39 43006 -Tarragona Kontakt-E-Mail: rgpd@moodul.es [\u2026]<\/p>","protected":false},"author":3,"featured_media":0,"parent":0,"menu_order":0,"comment_status":"closed","ping_status":"closed","template":"","meta":{"_acf_changed":false,"footnotes":""},"class_list":["post-1594","page","type-page","status-publish","hentry"],"acf":[],"_links":{"self":[{"href":"https:\/\/moodul.es\/de\/wp-json\/wp\/v2\/pages\/1594","targetHints":{"allow":["GET"]}}],"collection":[{"href":"https:\/\/moodul.es\/de\/wp-json\/wp\/v2\/pages"}],"about":[{"href":"https:\/\/moodul.es\/de\/wp-json\/wp\/v2\/types\/page"}],"author":[{"embeddable":true,"href":"https:\/\/moodul.es\/de\/wp-json\/wp\/v2\/users\/3"}],"replies":[{"embeddable":true,"href":"https:\/\/moodul.es\/de\/wp-json\/wp\/v2\/comments?post=1594"}],"version-history":[{"count":5,"href":"https:\/\/moodul.es\/de\/wp-json\/wp\/v2\/pages\/1594\/revisions"}],"predecessor-version":[{"id":1601,"href":"https:\/\/moodul.es\/de\/wp-json\/wp\/v2\/pages\/1594\/revisions\/1601"}],"wp:attachment":[{"href":"https:\/\/moodul.es\/de\/wp-json\/wp\/v2\/media?parent=1594"}],"curies":[{"name":"wp","href":"https:\/\/api.w.org\/{rel}","templated":true}]}}