{"id":1602,"date":"2024-08-12T18:41:33","date_gmt":"2024-08-12T16:41:33","guid":{"rendered":"https:\/\/moodul.es\/?page_id=1602"},"modified":"2024-08-12T18:44:00","modified_gmt":"2024-08-12T16:44:00","slug":"rgdp","status":"publish","type":"page","link":"https:\/\/moodul.es\/de\/dsgvo\/","title":{"rendered":"DATENSCHUTZRICHTLINIE"},"content":{"rendered":"<div data-elementor-type=\"wp-page\" data-elementor-id=\"1602\" class=\"elementor elementor-1602\" data-elementor-post-type=\"page\">\n\t\t\t\t<div class=\"elementor-element elementor-element-f6d2091 e-flex e-con-boxed wcf-starter-animations-none e-con e-parent\" data-id=\"f6d2091\" data-element_type=\"container\" data-e-type=\"container\">\n\t\t\t\t\t<div class=\"e-con-inner\">\n\t\t\t\t<div class=\"elementor-element elementor-element-6fc8a42 wcf-starter-animations-none elementor-widget elementor-widget-heading\" data-id=\"6fc8a42\" data-element_type=\"widget\" data-e-type=\"widget\" data-settings=\"{&quot;wcf_starter_animations&quot;:&quot;none&quot;,&quot;wcf_anim_duration&quot;:1000,&quot;wcf_anim_delay&quot;:0,&quot;wcf_anim_ease&quot;:&quot;ease&quot;}\" data-widget_type=\"heading.default\">\n\t\t\t\t<div class=\"elementor-widget-container\">\n\t\t\t\t\t<h1 class=\"elementor-heading-title elementor-size-default\">Datenschutzrichtlinie<\/h1>\t\t\t\t<\/div>\n\t\t\t\t<\/div>\n\t\t\t\t\t<\/div>\n\t\t\t\t<\/div>\n\t\t<div class=\"elementor-element elementor-element-a0635df e-flex e-con-boxed wcf-starter-animations-none e-con e-parent\" data-id=\"a0635df\" data-element_type=\"container\" data-e-type=\"container\">\n\t\t\t\t\t<div class=\"e-con-inner\">\n\t\t\t\t<div class=\"elementor-element elementor-element-28666af wcf-starter-animations-none elementor-widget elementor-widget-text-editor\" data-id=\"28666af\" data-element_type=\"widget\" data-e-type=\"widget\" data-settings=\"{&quot;wcf_starter_animations&quot;:&quot;none&quot;,&quot;wcf_anim_duration&quot;:1000,&quot;wcf_anim_delay&quot;:0,&quot;wcf_anim_ease&quot;:&quot;ease&quot;}\" data-widget_type=\"text-editor.default\">\n\t\t\t\t<div class=\"elementor-widget-container\">\n\t\t\t\t\t\t\t\t\t<p>Unsere Website-Adresse lautet: <a title=\"\" href=\"https:\/\/moodul.es\/de\/\">https:\/\/moodul.es<\/a>.<\/p><p>Wenn Besucher Kommentare auf der Site hinterlassen, erfassen wir die im Kommentarformular angezeigten Daten sowie die IP-Adresse des Besuchers und den User-Agent-String (damit wird der Browser identifiziert), um die Spam-Erkennung zu unterst\u00fctzen.<\/p><p>Aus Ihrer E-Mail-Adresse kann eine anonymisierte Zeichenfolge (auch Hash genannt) erstellt und dem Gravatar-Dienst zur Verf\u00fcgung gestellt werden, um zu pr\u00fcfen, ob Sie ihn verwenden. Die Datenschutzrichtlinie des Gravatar-Dienstes finden Sie hier: <a href=\"https:\/\/automattic.com\/privacy\/\" target=\"_blank\" rel=\"noopener\">https:\/\/automattic.com\/privacy\/<\/a>. Nach der Freigabe Ihres Kommentars ist Ihr Profilbild \u00f6ffentlich im Kontext Ihres Kommentars sichtbar.<\/p><p><strong>Medien<\/strong><\/p><p>Wenn Sie Bilder auf die Website hochladen, sollten Sie das Hochladen von Bildern mit eingebetteten Standortdaten (EXIF GPS) vermeiden. Besucher der Website k\u00f6nnen beliebige Standortdaten aus Bildern auf der Website herunterladen und extrahieren.<\/p><p><strong>Dieses Portal verwendet Cookies zur Optimierung der Browserfunktion. Informieren Sie sich, wie wir Cookies verwenden und wie Sie Ihre Einstellungen \u00e4ndern k\u00f6nnen.<\/strong><\/p><p>Wenn Sie auf unserer Site einen Kommentar hinterlassen, k\u00f6nnen Sie der Speicherung Ihres Namens, Ihrer E-Mail-Adresse und Ihrer Website in Cookies zustimmen. Dies dient Ihrer Bequemlichkeit, sodass Sie Ihre Daten nicht erneut eingeben m\u00fcssen, wenn Sie einen weiteren Kommentar hinterlassen. Die Lebensdauer dieser Cookies betr\u00e4gt ein Jahr.<\/p><p>Wenn Sie unsere Anmeldeseite besuchen, setzen wir ein tempor\u00e4res Cookie, um festzustellen, ob Ihr Browser Cookies akzeptiert. Dieses Cookie enth\u00e4lt keine personenbezogenen Daten und wird verworfen, wenn Sie Ihren Browser schlie\u00dfen.<\/p><p>Wenn Sie sich anmelden, richten wir au\u00dferdem mehrere Cookies ein, um Ihre Anmeldeinformationen und Ihre Bildschirmanzeigeeinstellungen zu speichern. Anmelde-Cookies sind zwei Tage lang g\u00fcltig und Cookies f\u00fcr Bildschirmoptionen ein Jahr lang. Wenn Sie \u201eAngemeldet bleiben\u201c ausw\u00e4hlen, bleibt Ihre Anmeldung zwei Wochen lang bestehen. Wenn Sie sich von Ihrem Konto abmelden, werden die Anmelde-Cookies gel\u00f6scht.<\/p><p>Wenn Sie einen Artikel bearbeiten oder ver\u00f6ffentlichen, wird ein zus\u00e4tzlicher Cookie in Ihrem Browser gespeichert. Dieses Cookie enth\u00e4lt keine personenbezogenen Daten und gibt lediglich die Beitrags-ID des Artikels an, den Sie gerade bearbeitet haben. L\u00e4uft nach 1 Tag ab.<\/p><p><strong>Eingebettete Inhalte von anderen Websites<\/strong><\/p><p>Artikel auf dieser Site k\u00f6nnen eingebettete Inhalte enthalten (z. B. Videos, Bilder, Artikel usw.). Eingebettete Inhalte von anderen Websites verhalten sich exakt so, als ob der Besucher die andere Website besucht h\u00e4tte.<\/p><p>Diese Websites k\u00f6nnen Daten \u00fcber Sie sammeln, Cookies benutzen, zus\u00e4tzliche Tracking-Dienste von Dritten einbetten und Ihre Interaktion mit diesem eingebetteten Inhalt aufzeichnen, inklusive Ihrer Interaktion mit dem eingebetteten Inhalt, falls Sie ein Konto haben und auf dieser Website angemeldet sind.<\/p><p><strong>Mit wem wir Ihre Daten teilen<\/strong><\/p><p>Wenn Sie eine Zur\u00fccksetzung des Passworts anfordern, wird Ihre IP-Adresse in der E-Mail zur Zur\u00fccksetzung enthalten sein.<\/p><p><strong>Wie lange wir Ihre Daten speichern<\/strong><\/p><p>\u00a0Wenn Sie einen Kommentar hinterlassen, bleiben der Kommentar und seine Metadaten zeitlich unbegrenzt gespeichert. Auf diese Weise k\u00f6nnen wir Folgekommentare automatisch erkennen und freigeben, anstatt sie in einer Moderations-Warteschlange festzuhalten.<\/p><p>F\u00fcr Benutzer, die sich auf unserer Website registrieren (falls vorhanden), speichern wir zus\u00e4tzlich die pers\u00f6nlichen Informationen, die sie in ihren Benutzerprofilen angeben. Alle Benutzer k\u00f6nnen ihre pers\u00f6nlichen Daten jederzeit anzeigen, bearbeiten oder l\u00f6schen (au\u00dfer sie k\u00f6nnen ihren Benutzernamen nicht \u00e4ndern). Website-Administratoren k\u00f6nnen diese Informationen auch anzeigen und bearbeiten.<\/p><p><strong>Welche Rechte du an deinen Daten hast<\/strong><\/p><p>Wenn Sie \u00fcber ein Konto auf dieser Site verf\u00fcgen oder Kommentare hinterlassen haben, k\u00f6nnen Sie eine exportierte Datei Ihrer bei uns gespeicherten personenbezogenen Daten anfordern, einschlie\u00dflich aller Daten, die Sie uns \u00fcbermittelt haben. Sie k\u00f6nnen au\u00dferdem verlangen, dass wir s\u00e4mtliche personenbezogenen Daten, die wir \u00fcber Sie gespeichert haben, l\u00f6schen. Hiervon ausgenommen sind Daten, die wir aufgrund administrativer, rechtlicher oder sicherheitsrelevanter Notwendigkeiten aufbewahren m\u00fcssen.<\/p>\t\t\t\t\t\t\t\t<\/div>\n\t\t\t\t<\/div>\n\t\t\t\t\t<\/div>\n\t\t\t\t<\/div>\n\t\t\t\t<\/div>","protected":false},"excerpt":{"rendered":"<p>Datenschutzerkl\u00e4rung Unsere Website-Adresse lautet: https:\/\/moodul.es. Wenn Besucher Kommentare auf der Website hinterlassen, erfassen wir die im Kommentarformular angezeigten Daten sowie die IP-Adresse des Besuchers und den Browser-User-Agent-String, um Spam zu erkennen. Ein anonymisierter String wird erstellt [\u2026]<\/p>","protected":false},"author":3,"featured_media":0,"parent":0,"menu_order":0,"comment_status":"closed","ping_status":"closed","template":"","meta":{"_acf_changed":false,"footnotes":""},"class_list":["post-1602","page","type-page","status-publish","hentry"],"acf":[],"_links":{"self":[{"href":"https:\/\/moodul.es\/de\/wp-json\/wp\/v2\/pages\/1602","targetHints":{"allow":["GET"]}}],"collection":[{"href":"https:\/\/moodul.es\/de\/wp-json\/wp\/v2\/pages"}],"about":[{"href":"https:\/\/moodul.es\/de\/wp-json\/wp\/v2\/types\/page"}],"author":[{"embeddable":true,"href":"https:\/\/moodul.es\/de\/wp-json\/wp\/v2\/users\/3"}],"replies":[{"embeddable":true,"href":"https:\/\/moodul.es\/de\/wp-json\/wp\/v2\/comments?post=1602"}],"version-history":[{"count":4,"href":"https:\/\/moodul.es\/de\/wp-json\/wp\/v2\/pages\/1602\/revisions"}],"predecessor-version":[{"id":1606,"href":"https:\/\/moodul.es\/de\/wp-json\/wp\/v2\/pages\/1602\/revisions\/1606"}],"wp:attachment":[{"href":"https:\/\/moodul.es\/de\/wp-json\/wp\/v2\/media?parent=1602"}],"curies":[{"name":"wp","href":"https:\/\/api.w.org\/{rel}","templated":true}]}}