{"id":1607,"date":"2024-08-12T18:44:38","date_gmt":"2024-08-12T16:44:38","guid":{"rendered":"https:\/\/moodul.es\/?page_id=1607"},"modified":"2025-03-11T15:43:10","modified_gmt":"2025-03-11T13:43:10","slug":"politica-de-cookies","status":"publish","type":"page","link":"https:\/\/moodul.es\/de\/cookie-richtlinie\/","title":{"rendered":"Cookie-Richtlinie"},"content":{"rendered":"<div data-elementor-type=\"wp-page\" data-elementor-id=\"1607\" class=\"elementor elementor-1607\" data-elementor-post-type=\"page\">\n\t\t\t\t<div class=\"elementor-element elementor-element-f6d2091 e-flex e-con-boxed wcf-starter-animations-none e-con e-parent\" data-id=\"f6d2091\" data-element_type=\"container\" data-e-type=\"container\">\n\t\t\t\t\t<div class=\"e-con-inner\">\n\t\t\t\t<div class=\"elementor-element elementor-element-6fc8a42 wcf-starter-animations-none elementor-widget elementor-widget-heading\" data-id=\"6fc8a42\" data-element_type=\"widget\" data-e-type=\"widget\" data-settings=\"{&quot;wcf_starter_animations&quot;:&quot;none&quot;,&quot;wcf_anim_duration&quot;:1000,&quot;wcf_anim_delay&quot;:0,&quot;wcf_anim_ease&quot;:&quot;ease&quot;}\" data-widget_type=\"heading.default\">\n\t\t\t\t<div class=\"elementor-widget-container\">\n\t\t\t\t\t<h1 class=\"elementor-heading-title elementor-size-default\">Cookie-Richtlinie<\/h1>\t\t\t\t<\/div>\n\t\t\t\t<\/div>\n\t\t\t\t\t<\/div>\n\t\t\t\t<\/div>\n\t\t<div class=\"elementor-element elementor-element-a0635df e-flex e-con-boxed wcf-starter-animations-none e-con e-parent\" data-id=\"a0635df\" data-element_type=\"container\" data-e-type=\"container\">\n\t\t\t\t\t<div class=\"e-con-inner\">\n\t\t\t\t<div class=\"elementor-element elementor-element-28666af wcf-starter-animations-none elementor-widget elementor-widget-text-editor\" data-id=\"28666af\" data-element_type=\"widget\" data-e-type=\"widget\" data-settings=\"{&quot;wcf_starter_animations&quot;:&quot;none&quot;,&quot;wcf_anim_duration&quot;:1000,&quot;wcf_anim_delay&quot;:0,&quot;wcf_anim_ease&quot;:&quot;ease&quot;}\" data-widget_type=\"text-editor.default\">\n\t\t\t\t<div class=\"elementor-widget-container\">\n\t\t\t\t\t\t\t\t\t<p>Diese Cookie-Richtlinie ist eine Erg\u00e4nzung zur Datenschutzrichtlinie der Websites von <b>Moodul Viviendas Industrializadas, S.L.<\/b><\/p><p>Der Zugriff auf die Website und die Navigation auf ihr bzw. die Nutzung ihrer Dienste setzt die Annahme der Bestimmungen des rechtlichen Hinweises und der Datenschutzrichtlinie der Website voraus.<\/p><p>In <b>Moodul Viviendas Industrializadas, S.L.<\/b>Wir verwenden Cookies oder andere Dateien mit \u00e4hnlicher Funktionalit\u00e4t (nachfolgend \u201eCookies\u201c), um zu verstehen, wie Sie unsere Dienste nutzen, und um sie zu verbessern. <b>Moodul Viviendas Industrializadas, S.L.<\/b> ist verantwortlich f\u00fcr die Cookies und die Verarbeitung der durch sie erhaltenen Daten, unabh\u00e4ngig davon, ob es sich um eigene oder von Dritten handelt, und entscheidet \u00fcber den Zweck, den Inhalt und die Verwendung der Verarbeitung der gesammelten Informationen.<\/p><p>Der Zweck dieser Richtlinie besteht darin, Sie klar und detailliert dar\u00fcber zu informieren, was ein Cookie ist, welchen Zweck es hat, welche Art von Cookies wir verwenden und wie Sie sie konfigurieren oder gegebenenfalls deaktivieren k\u00f6nnen.<\/p><p>Ein Cookie ist eine kleine Textdatei, die beim Besuch unserer Website in Ihrem Browser gespeichert wird und Informationen zu Ihrem Surfverhalten speichert. Manche Cookies sind f\u00fcr das ordnungsgem\u00e4\u00dfe Funktionieren von Websites unbedingt erforderlich, wie etwa technische Cookies oder Cookies zur Anpassung der Benutzeroberfl\u00e4che, w\u00e4hrend bei anderen, wie etwa Analyse-Cookies oder verhaltensbasierte Werbe-Cookies, wir Sie dar\u00fcber informieren und Ihre Zustimmung zur Verwendung durch uns einholen m\u00fcssen.<\/p><p>Damit Sie Ihre Einwilligung in aller Kenntnis der Sachlage erteilen k\u00f6nnen, informieren wir Sie nachfolgend ausf\u00fchrlich \u00fcber die einzelnen Cookie-Typen und ihren Zweck.<\/p><p><b>Technische Cookies sind kleine Textdateien, die Sie in Ihrem Browser speichern, bis Sie sie deaktivieren.<\/b> Diese Cookies erm\u00f6glichen dem Benutzer das Navigieren auf einer Website, Plattform oder Anwendung und die Nutzung der verschiedenen dort vorhandenen Optionen oder Dienste, einschlie\u00dflich der Verwaltung und des Betriebs der Website und der Aktivierung ihrer Funktionen und Dienste, wie beispielsweise die Identifizierung der Sitzung, den Zugriff auf Teile mit eingeschr\u00e4nktem Zugriff, das Merken der Elemente, aus denen eine Bestellung besteht, die Durchf\u00fchrung des Kaufvorgangs einer Bestellung, die Verwaltung der Zahlung usw. Die Website kann ohne diese Cookies nicht ordnungsgem\u00e4\u00df funktionieren, daher werden sie als notwendig erachtet und bed\u00fcrfen nicht Ihrer Zustimmung.<\/p><p><b>Pr\u00e4ferenz- bzw. Personalisierungs-Cookies<\/b> Sie erm\u00f6glichen es der Website, sich Informationen zu merken, die das Verhalten oder Erscheinungsbild der Seite \u00e4ndern, sodass der Benutzer auf den Dienst mit bestimmten Merkmalen zugreift, die seine Auswahlm\u00f6glichkeiten hinsichtlich der Verwendung der Website von denen anderer Benutzer unterscheiden k\u00f6nnen, wie z. B. die Sprache, die Anzahl der anzuzeigenden Ergebnisse, wenn der Benutzer eine Suche durchf\u00fchrt, oder die Region, in der sich der Benutzer befindet. W\u00e4hlt der Nutzer diese Features beispielsweise durch Auswahl der Sprachflagge aus, gilt es als ausdr\u00fccklich gew\u00fcnschter Dienst, sofern die Cookies ausschlie\u00dflich f\u00fcr den ausgew\u00e4hlten Zweck der Personalisierung verwendet werden. Wie im vorherigen Fall ist f\u00fcr diese Cookies Ihre Zustimmung nicht erforderlich.<\/p><p><b>Analyse- oder Mess-Cookies<\/b> Mithilfe dieser Cookies k\u00f6nnen wir nachvollziehen, wie Besucher mit den Webseiten interagieren, und statistische Analysen dar\u00fcber durchf\u00fchren, wie die Benutzer der Website die bereitgestellten Dienste nutzen. Die gesammelten Informationen werden verwendet, um die Aktivit\u00e4t von Websites oder Anwendungen zu messen und so Verbesserungen an den vom Verantwortlichen angebotenen Produkten und Dienstleistungen vorzunehmen.<\/p><p><b>Cookies f\u00fcr Marketing oder verhaltensbezogene Werbung<\/b> Sie speichern Informationen zum Benutzerverhalten, die durch kontinuierliche Beobachtung ihrer Surfgewohnheiten gewonnen werden. Dies erm\u00f6glicht die Entwicklung eines spezifischen Profils, um relevante und attraktive Werbung f\u00fcr den einzelnen Benutzer anzuzeigen und ist daher f\u00fcr Drittanbieter-Werbetreibende wertvoller.<\/p><p><b>Moodul Viviendas Industrializadas, S.L.<\/b> verwendet eigene und Drittanbieter-Cookies technischer, personalisierter, analytischer und Werbe-Art f\u00fcr die in der folgenden Cookie-Erkl\u00e4rung aufgef\u00fchrten Zwecke:<\/p><p>F\u00fcr Analyse- und Werbe-Cookies ben\u00f6tigen wir Ihre Einwilligung, die wir durch Anklicken der Schaltfl\u00e4che \u201eIch akzeptiere\u201c in der Informationsmeldung, die beim Aufruf unserer Website angezeigt wird, einholen k\u00f6nnen.<\/p><p>Wenn Sie Cookies deaktivieren, k\u00f6nnen Sie zwar weiterhin auf die Website zugreifen, die Navigation ist jedoch m\u00f6glicherweise nicht optimal und einige der angebotenen Dienste funktionieren m\u00f6glicherweise nicht richtig.<\/p><p>Wenn Moodul Viviendas Industrializadas, SL in Zukunft beabsichtigt, andere Arten von Cookies als die in dieser Cookie-Richtlinie genannten zu verwenden, um neue Dienste bereitzustellen, oder wenn eine Anpassung an neue gesetzliche Anforderungen erforderlich ist, werden Sie benachrichtigt.<\/p><p>Sie k\u00f6nnen die auf Ihrem Ger\u00e4t installierten Cookies \u00fcber das Konfigurationsmen\u00fc Ihres Internetbrowsers zulassen, blockieren oder l\u00f6schen. Dieser kann so eingestellt werden, dass Cookies blockiert werden oder der Benutzer benachrichtigt wird, wenn ein Server sie speichern m\u00f6chte.<\/p><p>Unter den folgenden Links finden Sie Informationen dazu, wie Sie Cookies f\u00fcr die wichtigsten Browser auf dem Markt konfigurieren und\/oder deaktivieren k\u00f6nnen, sodass der Benutzer entscheiden kann, ob er die Verwendung von Cookies akzeptiert oder nicht.<\/p><p>Microsoft Internet Explorer \u2013 Men\u00fc Extras &gt; Internetoptionen &gt; Datenschutz &gt; Einstellungen. Firefox: Men\u00fc Extras &gt; Optionen &gt; Datenschutz &gt; Cookies. Chrome: Optionsmen\u00fc &gt; Erweiterte Optionen &gt; Datenschutz. Safari: Men\u00fc \u201eEinstellungen\/Datenschutz\u201c. Safari f\u00fcr iOS (iPhone und iPad): Einstellungen &gt; Safari. Chrome f\u00fcr Android: Einstellungen &gt; Website-Einstellungen &gt; Cookies. Wenn Sie Fragen zu dieser Cookie-Richtlinie haben, k\u00f6nnen Sie Moodul Viviendas Industrializadas, SL unter folgender Adresse kontaktieren: <a title=\"\" href=\"mailto:rgpd@moodul.es\">rgpd@moodul.es<\/a>.<\/p>\t\t\t\t\t\t\t\t<\/div>\n\t\t\t\t<\/div>\n\t\t\t\t<div class=\"elementor-element elementor-element-095de97 wcf-starter-animations-none elementor-widget elementor-widget-heading\" data-id=\"095de97\" data-element_type=\"widget\" data-e-type=\"widget\" data-settings=\"{&quot;wcf_starter_animations&quot;:&quot;none&quot;,&quot;wcf_anim_duration&quot;:1000,&quot;wcf_anim_delay&quot;:0,&quot;wcf_anim_ease&quot;:&quot;ease&quot;}\" data-widget_type=\"heading.default\">\n\t\t\t\t<div class=\"elementor-widget-container\">\n\t\t\t\t\t<h2 class=\"elementor-heading-title elementor-size-default\">Auf unserer Website verwendete Cookies<\/h2>\t\t\t\t<\/div>\n\t\t\t\t<\/div>\n\t\t\t\t<div class=\"elementor-element elementor-element-869e304 elementor-widget elementor-widget-html\" data-id=\"869e304\" data-element_type=\"widget\" data-e-type=\"widget\" data-widget_type=\"html.default\">\n\t\t\t\t<div class=\"elementor-widget-container\">\n\t\t\t\t\t<div class= \"cky-audit-table-element\"><\/div>\t\t\t\t<\/div>\n\t\t\t\t<\/div>\n\t\t\t\t\t<\/div>\n\t\t\t\t<\/div>\n\t\t\t\t<\/div>","protected":false},"excerpt":{"rendered":"<p>Cookie-Richtlinie Diese Cookie-Richtlinie erg\u00e4nzt die Datenschutzrichtlinie der Websites von Moodul Viviendas Industrializadas, SL. Der Zugriff auf die Website und die Navigation auf dieser Website sowie die Nutzung ihrer Dienste setzen die Annahme der Bestimmungen des rechtlichen Hinweises der Website und ihrer [\u2026] voraus.<\/p>","protected":false},"author":3,"featured_media":0,"parent":0,"menu_order":0,"comment_status":"closed","ping_status":"closed","template":"","meta":{"_acf_changed":false,"footnotes":""},"class_list":["post-1607","page","type-page","status-publish","hentry"],"acf":[],"_links":{"self":[{"href":"https:\/\/moodul.es\/de\/wp-json\/wp\/v2\/pages\/1607","targetHints":{"allow":["GET"]}}],"collection":[{"href":"https:\/\/moodul.es\/de\/wp-json\/wp\/v2\/pages"}],"about":[{"href":"https:\/\/moodul.es\/de\/wp-json\/wp\/v2\/types\/page"}],"author":[{"embeddable":true,"href":"https:\/\/moodul.es\/de\/wp-json\/wp\/v2\/users\/3"}],"replies":[{"embeddable":true,"href":"https:\/\/moodul.es\/de\/wp-json\/wp\/v2\/comments?post=1607"}],"version-history":[{"count":10,"href":"https:\/\/moodul.es\/de\/wp-json\/wp\/v2\/pages\/1607\/revisions"}],"predecessor-version":[{"id":2668,"href":"https:\/\/moodul.es\/de\/wp-json\/wp\/v2\/pages\/1607\/revisions\/2668"}],"wp:attachment":[{"href":"https:\/\/moodul.es\/de\/wp-json\/wp\/v2\/media?parent=1607"}],"curies":[{"name":"wp","href":"https:\/\/api.w.org\/{rel}","templated":true}]}}