{"id":1607,"date":"2024-08-12T18:44:38","date_gmt":"2024-08-12T16:44:38","guid":{"rendered":"https:\/\/moodul.es\/?page_id=1607"},"modified":"2025-03-11T15:43:10","modified_gmt":"2025-03-11T13:43:10","slug":"politica-de-cookies","status":"publish","type":"page","link":"https:\/\/moodul.es\/fr\/politique-de-cookies\/","title":{"rendered":"Politique relative aux cookies"},"content":{"rendered":"<div data-elementor-type=\"wp-page\" data-elementor-id=\"1607\" class=\"elementor elementor-1607\" data-elementor-post-type=\"page\">\n\t\t\t\t<div class=\"elementor-element elementor-element-f6d2091 e-flex e-con-boxed wcf-starter-animations-none e-con e-parent\" data-id=\"f6d2091\" data-element_type=\"container\" data-e-type=\"container\">\n\t\t\t\t\t<div class=\"e-con-inner\">\n\t\t\t\t<div class=\"elementor-element elementor-element-6fc8a42 wcf-starter-animations-none elementor-widget elementor-widget-heading\" data-id=\"6fc8a42\" data-element_type=\"widget\" data-e-type=\"widget\" data-settings=\"{&quot;wcf_starter_animations&quot;:&quot;none&quot;,&quot;wcf_anim_duration&quot;:1000,&quot;wcf_anim_delay&quot;:0,&quot;wcf_anim_ease&quot;:&quot;ease&quot;}\" data-widget_type=\"heading.default\">\n\t\t\t\t<div class=\"elementor-widget-container\">\n\t\t\t\t\t<h1 class=\"elementor-heading-title elementor-size-default\">Politique de cookies<\/h1>\t\t\t\t<\/div>\n\t\t\t\t<\/div>\n\t\t\t\t\t<\/div>\n\t\t\t\t<\/div>\n\t\t<div class=\"elementor-element elementor-element-a0635df e-flex e-con-boxed wcf-starter-animations-none e-con e-parent\" data-id=\"a0635df\" data-element_type=\"container\" data-e-type=\"container\">\n\t\t\t\t\t<div class=\"e-con-inner\">\n\t\t\t\t<div class=\"elementor-element elementor-element-28666af wcf-starter-animations-none elementor-widget elementor-widget-text-editor\" data-id=\"28666af\" data-element_type=\"widget\" data-e-type=\"widget\" data-settings=\"{&quot;wcf_starter_animations&quot;:&quot;none&quot;,&quot;wcf_anim_duration&quot;:1000,&quot;wcf_anim_delay&quot;:0,&quot;wcf_anim_ease&quot;:&quot;ease&quot;}\" data-widget_type=\"text-editor.default\">\n\t\t\t\t<div class=\"elementor-widget-container\">\n\t\t\t\t\t\t\t\t\t<p>Cette politique de cookies est un compl\u00e9ment \u00e0 la politique de confidentialit\u00e9 des sites Web appartenant \u00e0 <b>Moodul Viviendas Industrializadas, S.L.<\/b><\/p><p>L&#039;acc\u00e8s et la navigation sur le Site Web, ou l&#039;utilisation de ses services, impliquent l&#039;acceptation des dispositions des Mentions L\u00e9gales du Site Web et de sa Politique de Confidentialit\u00e9.<\/p><p>Dans <b>Moodul Viviendas Industrializadas, S.L.<\/b>Nous utilisons des cookies ou d\u2019autres fichiers ayant des fonctionnalit\u00e9s similaires (ci-apr\u00e8s, \u00ab cookies \u00bb) pour comprendre comment vous utilisez nos services et pour les am\u00e9liorer. <b>Moodul Viviendas Industrializadas, S.L.<\/b> est responsable des cookies et du traitement des donn\u00e9es obtenues par leur interm\u00e9diaire, qu&#039;elles soient propres ou provenant de tiers, en d\u00e9cidant de la finalit\u00e9, du contenu et de l&#039;utilisation du traitement des informations collect\u00e9es.<\/p><p>L&#039;objectif de cette politique est de vous informer de mani\u00e8re claire et d\u00e9taill\u00e9e sur ce qu&#039;est un cookie, quel est son objectif, quel type de cookies nous utilisons et comment les configurer ou, le cas \u00e9ch\u00e9ant, les d\u00e9sactiver.<\/p><p>Un cookie est un petit fichier texte qui est stock\u00e9 dans votre navigateur lorsque vous visitez notre site Web et qui enregistre des informations sur votre navigation. Certains cookies sont indispensables au bon fonctionnement des sites Web, tels que les cookies techniques ou les cookies de personnalisation de l&#039;interface utilisateur, tandis que d&#039;autres, tels que les cookies d&#039;analyse ou les cookies de publicit\u00e9 comportementale, n\u00e9cessitent que nous vous informions et obtenions votre consentement pour \u00eatre utilis\u00e9s par nous.<\/p><p>Ci-dessous, afin que vous puissiez donner votre consentement en toute connaissance de cause, nous d\u00e9taillons les informations sur ce qu&#039;est chaque type de cookie et quelle est sa finalit\u00e9.<\/p><p><b>Cookies techniques<\/b> Ces cookies permettent \u00e0 l&#039;utilisateur de naviguer sur un site Web, une plate-forme ou une application et d&#039;utiliser les diff\u00e9rentes options ou services qui y existent, y compris la gestion et le fonctionnement du site Web et l&#039;activation de ses fonctions et services, tels que, par exemple, l&#039;identification de la session, l&#039;acc\u00e8s aux parties \u00e0 acc\u00e8s restreint, la m\u00e9morisation des \u00e9l\u00e9ments qui composent une commande, la r\u00e9alisation du processus d&#039;achat d&#039;une commande, la gestion du paiement, etc. Le site Web ne peut pas fonctionner correctement sans ces cookies, ils sont donc consid\u00e9r\u00e9s comme n\u00e9cessaires et ne n\u00e9cessitent pas votre consentement.<\/p><p><b>Cookies de pr\u00e9f\u00e9rence ou de personnalisation<\/b> Ils permettent au site Web de m\u00e9moriser des informations qui modifient le comportement ou l&#039;apparence de la page afin que l&#039;utilisateur acc\u00e8de au service avec certaines caract\u00e9ristiques qui peuvent diff\u00e9rencier ses choix d&#039;utilisation du site Web de ceux des autres utilisateurs, tels que la langue, le nombre de r\u00e9sultats \u00e0 afficher lorsque l&#039;utilisateur effectue une recherche ou la r\u00e9gion dans laquelle se trouve l&#039;utilisateur. Si l&#039;utilisateur s\u00e9lectionne ces fonctionnalit\u00e9s, par exemple en s\u00e9lectionnant le drapeau de langue, il est consid\u00e9r\u00e9 comme un service express\u00e9ment demand\u00e9 si les cookies sont utilis\u00e9s exclusivement \u00e0 des fins de personnalisation s\u00e9lectionn\u00e9es. Comme dans le cas pr\u00e9c\u00e9dent, ces cookies ne n\u00e9cessitent pas votre consentement.<\/p><p><b>Cookies d&#039;analyse ou de mesure<\/b> Ce sont ceux qui nous permettent de comprendre comment les visiteurs interagissent avec les pages Web et d&#039;effectuer une analyse statistique de l&#039;utilisation que les utilisateurs du site Web font des services fournis. Les informations collect\u00e9es sont utilis\u00e9es pour mesurer l&#039;activit\u00e9 des sites Web ou des applications afin d&#039;introduire des am\u00e9liorations dans les produits et services propos\u00e9s par le responsable du traitement.<\/p><p><b>Cookies de marketing ou de publicit\u00e9 comportementale<\/b> Ils stockent des informations sur le comportement des utilisateurs obtenues gr\u00e2ce \u00e0 l&#039;observation continue de leurs habitudes de navigation, ce qui permet le d\u00e9veloppement d&#039;un profil sp\u00e9cifique pour afficher des publicit\u00e9s pertinentes et attrayantes pour l&#039;utilisateur individuel, et donc plus pr\u00e9cieuses pour les annonceurs tiers.<\/p><p><b>Moodul Viviendas Industrializadas, S.L.<\/b> utilise ses propres cookies et ceux de tiers de nature technique, de personnalisation, d&#039;analyse et de publicit\u00e9, aux fins d\u00e9crites ci-dessous dans la d\u00e9claration de cookies suivante :<\/p><p>Pour les cookies d&#039;analyse et de publicit\u00e9, nous avons besoin de votre consentement que nous pouvons obtenir en cliquant sur le bouton \u00ab J&#039;accepte \u00bb dans le message d&#039;information affich\u00e9 lors de l&#039;acc\u00e8s \u00e0 notre site Web.<\/p><p>Si vous d\u00e9sactivez les cookies, vous pourrez toujours acc\u00e9der au site Web, mais la navigation risque de ne pas \u00eatre optimale et certains des services propos\u00e9s risquent de ne pas fonctionner correctement.<\/p><p>Si \u00e0 l&#039;avenir Moodul Viviendas Industrializadas, SL a l&#039;intention d&#039;utiliser des types de cookies diff\u00e9rents de ceux mentionn\u00e9s dans la pr\u00e9sente politique de cookies pour fournir de nouveaux services ou s&#039;il est n\u00e9cessaire de l&#039;adapter \u00e0 de nouvelles exigences l\u00e9gislatives, vous en serez inform\u00e9.<\/p><p>Vous pouvez autoriser, bloquer ou supprimer les cookies install\u00e9s sur votre appareil via le menu de configuration de votre navigateur Internet, qui peut \u00eatre configur\u00e9 pour bloquer les cookies ou alerter l&#039;utilisateur lorsqu&#039;un serveur souhaite les enregistrer.<\/p><p>Les liens suivants fournissent des informations sur la mani\u00e8re de configurer et\/ou de d\u00e9sactiver les cookies pour chacun des principaux navigateurs du march\u00e9 afin que l&#039;utilisateur puisse d\u00e9cider d&#039;accepter ou non l&#039;utilisation de cookies.<\/p><p>Microsoft Internet Explorer \u2013 Menu Outils &gt; Options Internet &gt; Confidentialit\u00e9 &gt; Param\u00e8tres. Firefox : Menu Outils &gt; Options &gt; Confidentialit\u00e9 &gt; Cookies. Chrome : Menu Options &gt; Options avanc\u00e9es &gt; Confidentialit\u00e9. Safari : menu Pr\u00e9f\u00e9rences\/Confidentialit\u00e9. Safari pour iOS (iPhone et iPad) : R\u00e9glages &gt; Safari. Chrome pour Android\u00a0: Param\u00e8tres\u00a0&gt; Param\u00e8tres du site Web\u00a0&gt; Cookies. Si vous avez des questions sur cette politique de cookies, vous pouvez contacter Moodul Viviendas Industrializadas, SL \u00e0 <a title=\"\" href=\"mailto:rgpd@moodul.es\">rgpd@moodul.es<\/a>.<\/p>\t\t\t\t\t\t\t\t<\/div>\n\t\t\t\t<\/div>\n\t\t\t\t<div class=\"elementor-element elementor-element-095de97 wcf-starter-animations-none elementor-widget elementor-widget-heading\" data-id=\"095de97\" data-element_type=\"widget\" data-e-type=\"widget\" data-settings=\"{&quot;wcf_starter_animations&quot;:&quot;none&quot;,&quot;wcf_anim_duration&quot;:1000,&quot;wcf_anim_delay&quot;:0,&quot;wcf_anim_ease&quot;:&quot;ease&quot;}\" data-widget_type=\"heading.default\">\n\t\t\t\t<div class=\"elementor-widget-container\">\n\t\t\t\t\t<h2 class=\"elementor-heading-title elementor-size-default\">Cookies utilis\u00e9s sur notre site<\/h2>\t\t\t\t<\/div>\n\t\t\t\t<\/div>\n\t\t\t\t<div class=\"elementor-element elementor-element-869e304 elementor-widget elementor-widget-html\" data-id=\"869e304\" data-element_type=\"widget\" data-e-type=\"widget\" data-widget_type=\"html.default\">\n\t\t\t\t<div class=\"elementor-widget-container\">\n\t\t\t\t\t<div class= \"cky-audit-table-element\"><\/div>\t\t\t\t<\/div>\n\t\t\t\t<\/div>\n\t\t\t\t\t<\/div>\n\t\t\t\t<\/div>\n\t\t\t\t<\/div>","protected":false},"excerpt":{"rendered":"<p>Politique relative aux cookies. Cette politique de cookies compl\u00e8te la politique de confidentialit\u00e9 des sites web appartenant \u00e0 Moodul Viviendas Industrializadas, SL. L&#039;acc\u00e8s et la navigation sur le site web, ainsi que l&#039;utilisation de ses services, impliquent l&#039;acceptation des dispositions des mentions l\u00e9gales du site web et de ses [\u2026]<\/p>","protected":false},"author":3,"featured_media":0,"parent":0,"menu_order":0,"comment_status":"closed","ping_status":"closed","template":"","meta":{"_acf_changed":false,"footnotes":""},"class_list":["post-1607","page","type-page","status-publish","hentry"],"acf":[],"_links":{"self":[{"href":"https:\/\/moodul.es\/fr\/wp-json\/wp\/v2\/pages\/1607","targetHints":{"allow":["GET"]}}],"collection":[{"href":"https:\/\/moodul.es\/fr\/wp-json\/wp\/v2\/pages"}],"about":[{"href":"https:\/\/moodul.es\/fr\/wp-json\/wp\/v2\/types\/page"}],"author":[{"embeddable":true,"href":"https:\/\/moodul.es\/fr\/wp-json\/wp\/v2\/users\/3"}],"replies":[{"embeddable":true,"href":"https:\/\/moodul.es\/fr\/wp-json\/wp\/v2\/comments?post=1607"}],"version-history":[{"count":10,"href":"https:\/\/moodul.es\/fr\/wp-json\/wp\/v2\/pages\/1607\/revisions"}],"predecessor-version":[{"id":2668,"href":"https:\/\/moodul.es\/fr\/wp-json\/wp\/v2\/pages\/1607\/revisions\/2668"}],"wp:attachment":[{"href":"https:\/\/moodul.es\/fr\/wp-json\/wp\/v2\/media?parent=1607"}],"curies":[{"name":"wp","href":"https:\/\/api.w.org\/{rel}","templated":true}]}}